{"id":69021,"date":"2025-11-10T08:39:42","date_gmt":"2025-11-10T08:39:42","guid":{"rendered":"https:\/\/demo2.softasist.com\/?page_id=69021"},"modified":"2025-11-10T08:39:50","modified_gmt":"2025-11-10T08:39:50","slug":"dis-cekimi-hasta-onam-formu","status":"publish","type":"page","link":"https:\/\/strdent.com\/en\/dis-cekimi-hasta-onam-formu\/","title":{"rendered":"TOOTH EXTRACTION PATIENT CONSENT FORM"},"content":{"rendered":"<ul class=\"wp-block-list\">\n<li>Prepared to inform you and obtain your consent to start your treatment<\/li>\n\n\n\n<li>fill out this form and sign it by reading the sections must end.<\/li>\n\n\n\n<li>Thank you for your time and your participation.<\/li>\n\n\n\n<li><a href=\"https:\/\/strdent.com\/en\/dis-cekimi-nedir\/\"><strong>Tooth extraction;<\/strong><\/a> hard to get a shot or routine is a surgical procedure and there's no turning back.<\/li>\n\n\n\n<li>As with every surgical procedure, there are some risks. These risks are limited to the following<\/li>\n\n\n\n<li>not are as follows:<\/li>\n\n\n\n<li>1. Swelling and\/or redness, discomfort in the area of surgery<\/li>\n\n\n\n<li>2. Stretch the corners of the mouth due to redness and cracking,<\/li>\n\n\n\n<li>3. The development and delayed healing of wound infection,<\/li>\n\n\n\n<li>4. Dry socket; usually started a few days after surgery due to inadequate maintenance<\/li>\n\n\n\n<li>jaw pain; especially wisdom teeth in the lower jaw to shots more often<\/li>\n\n\n\n<li>are common.<\/li>\n\n\n\n<li>5. Especially for large fillings and crowns in the presence of damage to adjacent teeth,<\/li>\n\n\n\n<li>6. The gums, lips, tongue, teeth and jaw at the tip of sensory loss, or decreased sensation.<\/li>\n\n\n\n<li>Especially close to the roots of the nerves in the teeth such as wisdom teeth that can be seen. Almost every<\/li>\n\n\n\n<li>returns to normal when the numbness, but rarely may be permanent.<\/li>\n\n\n\n<li>7. Trismus; depending on the inflammation or swelling of the mouth opening limitation.<\/li>\n\n\n\n<li>8. Bleeding severe bleeding is not common. Bleeding for but a few hours<\/li>\n\n\n\n<li>it continues.<\/li>\n\n\n\n<li>9. After shooting, sharp corners and shooting blanks may occur in the bone ladder.<\/li>\n\n\n\n<li>These are corrected with a new surgical intervention.<\/li>\n\n\n\n<li>10. The root part of complete disconnection. Important formations such as nerves or sinuses<\/li>\n\n\n\n<li>to avoid damage, sometimes small root fragments can be left.<\/li>\n\n\n\n<li>11. A relationship sinus; posterior sinus is very close to the roots of the teeth of the upper jaw, and in some cases root<\/li>\n\n\n\n<li>an opening between the mouth can occur with sinus or the sinuses, and the pieces can escape;<\/li>\n\n\n\n<li>situations need special attention.<\/li>\n\n\n\n<li><a href=\"https:\/\/strdent.com\/en\/cene-cerrahisi-istanbul-str-dent-ile-estetik-ve-fonksiyonel-cozumler\/\"><strong>12. Jaw fractures;<\/strong><\/a> although it is very rare, hard and deeply buried formations in the exterior shots<\/li>\n\n\n\n<li>it is possible.<\/li>\n\n\n\n<li>Most of the procedures are routine and significant surgical complications are not expected. Of<\/li>\n\n\n\n<li>the complications are conditions that are minor and can be treated easily.<\/li>\n<\/ul>\n\n\n\n<p>External shooting to be done:<\/p>\n\n\n\n<p><strong>Patient or patient's legal representative* \u2013 the degree of closeness<\/strong><\/p>\n\n\n\n<p>Name-Surname : ........................................................................................................<\/p>\n\n\n\n<p>ID number address : ........................................................................................................<\/p>\n\n\n\n<p>Phone : ........................................................................................................<\/p>\n\n\n\n<p>Signature : ........................................................................................................<\/p>\n\n\n\n<p>Physician: ........................................................................................................<\/p>\n\n\n\n<p>Name-Surname : ........................................................................................................<\/p>\n\n\n\n<p>Date signature : ........................................................................................................* Legal Representative: for those under guardianship, The Guardian, parents of minors, in their absence 1. the degree legal heirs (the patient's name next to specify the degree of proximity)<\/p>","protected":false},"excerpt":{"rendered":"<p>\u00c7ekim yap\u0131lacak di\u015f: Hasta veya Hastanin Yasal Temsilcisi* \u2013 Yakinlik Derecesi Adi-Soyad\u0131 : \u2026\u2026\u2026\u2026\u2026\u2026\u2026\u2026\u2026\u2026\u2026\u2026\u2026\u2026\u2026\u2026\u2026\u2026\u2026\u2026\u2026\u2026\u2026\u2026\u2026\u2026\u2026\u2026\u2026\u2026\u2026\u2026\u2026\u2026.. T.C. Kimlik No su Adresi : \u2026\u2026\u2026\u2026\u2026\u2026\u2026\u2026\u2026\u2026\u2026\u2026\u2026\u2026\u2026\u2026\u2026\u2026\u2026\u2026\u2026\u2026\u2026\u2026\u2026\u2026\u2026\u2026\u2026\u2026\u2026\u2026\u2026\u2026.. Telefon : \u2026\u2026\u2026\u2026\u2026\u2026\u2026\u2026\u2026\u2026\u2026\u2026\u2026\u2026\u2026\u2026\u2026\u2026\u2026\u2026\u2026\u2026\u2026\u2026\u2026\u2026\u2026\u2026\u2026\u2026\u2026\u2026\u2026\u2026.. Imza : \u2026\u2026\u2026\u2026\u2026\u2026\u2026\u2026\u2026\u2026\u2026\u2026\u2026\u2026\u2026\u2026\u2026\u2026\u2026\u2026\u2026\u2026\u2026\u2026\u2026\u2026\u2026\u2026\u2026\u2026\u2026\u2026\u2026\u2026.. Hekimin: \u2026\u2026\u2026\u2026\u2026\u2026\u2026\u2026\u2026\u2026\u2026\u2026\u2026\u2026\u2026\u2026\u2026\u2026\u2026\u2026\u2026\u2026\u2026\u2026\u2026\u2026\u2026\u2026\u2026\u2026\u2026\u2026\u2026\u2026.. Adi-Soyad\u0131 : \u2026\u2026\u2026\u2026\u2026\u2026\u2026\u2026\u2026\u2026\u2026\u2026\u2026\u2026\u2026\u2026\u2026\u2026\u2026\u2026\u2026\u2026\u2026\u2026\u2026\u2026\u2026\u2026\u2026\u2026\u2026\u2026\u2026\u2026.. Tarih imzas\u0131 : \u2026\u2026\u2026\u2026\u2026\u2026\u2026\u2026\u2026\u2026\u2026\u2026\u2026\u2026\u2026\u2026\u2026\u2026\u2026\u2026\u2026\u2026\u2026\u2026\u2026\u2026\u2026\u2026\u2026\u2026\u2026\u2026\u2026\u2026..* Yasal Temsilci: Vesayet alt\u0131ndakiler i\u00e7in vasi, re\u015fit olmayanlar i\u00e7in anne-baba, bunlarin bulunmadigi durumlarda 1. derece kanuni mirascilardir (hasta yakininin isminin yaninda yakinlik derecesini belirtiniz)<\/p>","protected":false},"author":1,"featured_media":0,"parent":0,"menu_order":0,"comment_status":"closed","ping_status":"closed","template":"","meta":{"_uag_custom_page_level_css":"","footnotes":""},"class_list":["post-69021","page","type-page","status-publish","hentry"],"uagb_featured_image_src":{"full":false,"thumbnail":false,"medium":false,"medium_large":false,"large":false,"1536x1536":false,"2048x2048":false,"trp-custom-language-flag":false,"post-thumbnail":false,"ollis-portfolio":false,"ollis-blog-300":false,"ollis-blog-featured":false,"ollis-blog-tiny":false,"ollis-blog":false,"ollis-wc-featured":false,"ollis-client":false,"ollis-blog-full":false,"ollis-wc-cat":false,"ollis-partners":false,"ollis-tiny-square":false,"ollis-tiny":false,"ollis-gallery-grid":false,"ollis-gallery-big":false,"ollis-gallery":false,"ollis-team":false},"uagb_author_info":{"display_name":"STR DENT","author_link":"#"},"uagb_comment_info":0,"uagb_excerpt":"\u00c7ekim yap\u0131lacak di\u015f: Hasta veya Hastanin Yasal Temsilcisi* \u2013 Yakinlik Derecesi Adi-Soyad\u0131 : \u2026\u2026\u2026\u2026\u2026\u2026\u2026\u2026\u2026\u2026\u2026\u2026\u2026\u2026\u2026\u2026\u2026\u2026\u2026\u2026\u2026\u2026\u2026\u2026\u2026\u2026\u2026\u2026\u2026\u2026\u2026\u2026\u2026\u2026.. T.C. Kimlik No su Adresi : \u2026\u2026\u2026\u2026\u2026\u2026\u2026\u2026\u2026\u2026\u2026\u2026\u2026\u2026\u2026\u2026\u2026\u2026\u2026\u2026\u2026\u2026\u2026\u2026\u2026\u2026\u2026\u2026\u2026\u2026\u2026\u2026\u2026\u2026.. Telefon : \u2026\u2026\u2026\u2026\u2026\u2026\u2026\u2026\u2026\u2026\u2026\u2026\u2026\u2026\u2026\u2026\u2026\u2026\u2026\u2026\u2026\u2026\u2026\u2026\u2026\u2026\u2026\u2026\u2026\u2026\u2026\u2026\u2026\u2026.. Imza : \u2026\u2026\u2026\u2026\u2026\u2026\u2026\u2026\u2026\u2026\u2026\u2026\u2026\u2026\u2026\u2026\u2026\u2026\u2026\u2026\u2026\u2026\u2026\u2026\u2026\u2026\u2026\u2026\u2026\u2026\u2026\u2026\u2026\u2026.. Hekimin: \u2026\u2026\u2026\u2026\u2026\u2026\u2026\u2026\u2026\u2026\u2026\u2026\u2026\u2026\u2026\u2026\u2026\u2026\u2026\u2026\u2026\u2026\u2026\u2026\u2026\u2026\u2026\u2026\u2026\u2026\u2026\u2026\u2026\u2026.. Adi-Soyad\u0131 : \u2026\u2026\u2026\u2026\u2026\u2026\u2026\u2026\u2026\u2026\u2026\u2026\u2026\u2026\u2026\u2026\u2026\u2026\u2026\u2026\u2026\u2026\u2026\u2026\u2026\u2026\u2026\u2026\u2026\u2026\u2026\u2026\u2026\u2026.. Tarih imzas\u0131 : \u2026\u2026\u2026\u2026\u2026\u2026\u2026\u2026\u2026\u2026\u2026\u2026\u2026\u2026\u2026\u2026\u2026\u2026\u2026\u2026\u2026\u2026\u2026\u2026\u2026\u2026\u2026\u2026\u2026\u2026\u2026\u2026\u2026\u2026..* Yasal Temsilci: Vesayet alt\u0131ndakiler i\u00e7in vasi, re\u015fit olmayanlar i\u00e7in anne-baba, bunlarin bulunmadigi durumlarda 1. derece kanuni mirascilardir (hasta yakininin&hellip;","_links":{"self":[{"href":"https:\/\/strdent.com\/en\/wp-json\/wp\/v2\/pages\/69021","targetHints":{"allow":["GET"]}}],"collection":[{"href":"https:\/\/strdent.com\/en\/wp-json\/wp\/v2\/pages"}],"about":[{"href":"https:\/\/strdent.com\/en\/wp-json\/wp\/v2\/types\/page"}],"author":[{"embeddable":true,"href":"https:\/\/strdent.com\/en\/wp-json\/wp\/v2\/users\/1"}],"replies":[{"embeddable":true,"href":"https:\/\/strdent.com\/en\/wp-json\/wp\/v2\/comments?post=69021"}],"version-history":[{"count":1,"href":"https:\/\/strdent.com\/en\/wp-json\/wp\/v2\/pages\/69021\/revisions"}],"predecessor-version":[{"id":69022,"href":"https:\/\/strdent.com\/en\/wp-json\/wp\/v2\/pages\/69021\/revisions\/69022"}],"wp:attachment":[{"href":"https:\/\/strdent.com\/en\/wp-json\/wp\/v2\/media?parent=69021"}],"curies":[{"name":"wp","href":"https:\/\/api.w.org\/{rel}","templated":true}]}}