{"id":25,"date":"2017-05-17T20:05:52","date_gmt":"2017-05-17T20:05:52","guid":{"rendered":"https:\/\/demo2.softasist.com\/?page_id=25"},"modified":"2025-12-08T06:54:25","modified_gmt":"2025-12-08T06:54:25","slug":"contact","status":"publish","type":"page","link":"https:\/\/strdent.com\/en\/contact\/","title":{"rendered":"Contact"},"content":{"rendered":"<div class=\"wpb-content-wrapper\"><div style=\"min-height: 100px\" data-vc-full-width=\"true\" data-vc-full-width-temp=\"true\" data-vc-full-width-init=\"false\" data-vc-stretch-content=\"true\" class=\"vc_row wpb_row vc_row-fluid vc_custom_1758712116163 vc_row-has-fill vc_row-no-padding vc_row-o-equal-height vc_row-o-content-top vc_row-flex\"><div class=\"wpb_column vc_column_container vc_col-sm-12 vc_col-has-fill\"><div class=\"vc_column-inner vc_custom_1758711970320\"><div class=\"wpb_wrapper\"><div class=\"wpb_gmaps_widget wpb_content_element vc_map_responsive vc_custom_1758712446798\"><div class=\"wpb_wrapper\"><div class=\"wpb_map_wraper\"><iframe loading=\"lazy\" src=\"https:\/\/maps.google.com\/maps?q=Seyitnizam%2C%20Mevlana%20Cd.%20No%3A81%20D%3A83G%2C%2034015%20Zeytinburnu%2F%C4%B0stanbul%2C%20T%C3%BCrkiye&#038;t=m&#038;z=10&#038;output=embed&#038;iwloc=near\" title=\"Seyitnizam, Mevlana Cd. No:81 D:83G, 34015 Zeytinburnu\/\u0130stanbul, T\u00fcrkiye\" aria-label=\"Seyitnizam, Mevlana Cd. No:81 D:83G, 34015 Zeytinburnu\/\u0130stanbul, T\u00fcrkiye\" ><\/iframe><\/div><\/div><\/div><\/div><\/div><\/div><\/div><div class=\"vc_row-full-width vc_clearfix\"><\/div><section data-vc-full-width=\"true\" data-vc-full-width-temp=\"true\" data-vc-full-width-init=\"false\" class=\"vc_section\"><div class=\"vc_row wpb_row vc_row-fluid\"><div class=\"wpb_column vc_column_container vc_col-sm-12\"><div class=\"vc_column-inner\"><div class=\"wpb_wrapper\"><div class=\"es-resp\">\t<div class=\"visible-xl\" style=\"height: 80px;\"><\/div>\t<div class=\"hidden-xl hidden-md hidden-sm hidden-ms hidden-xs\" style=\"height: 80px;\"><\/div>\t<div class=\"visible-md\" style=\"height: 80px;\"><\/div>\t<div class=\"visible-sm\" style=\"height: 80px;\"><\/div>\t<div class=\"visible-ms\" style=\"height: 80px;\"><\/div>\t<div class=\"visible-xs\" style=\"height: 80px;\"><\/div><\/div><\/div><\/div><\/div><\/div><div class=\"vc_row wpb_row vc_row-fluid\"><div class=\"wpb_column vc_column_container vc_col-sm-12\"><div class=\"vc_column-inner\"><div class=\"wpb_wrapper\"><ul class=\"ltx-block-icon  has-descr  icons-count-4 align-center ltx-icon-color-main ltx-icon-size-default ltx-header-color-default ltx-icon-type-transparent ltx-bg-color-transparent layout-cols4 ltx-icon-top  row centered\"  id=\"like_sc_block_icon_2083944242\"><li class=\"col-lg-3 col-md-6 col-sm-6 col-ms-6 col-xs-6\" ><a href=\"https:\/\/maps.app.goo.gl\/DVqmJSz7P3hpg2xx8\" class=\"in\" target=\"_blank\" rel=\"noopener\"><span class=\"ltx-icon icon-placeholder bg-transparent\"><\/span> <h6 class=\"header\"> Address <\/h6> <div class=\"descr\">Seyitnizam, Mevlana Cd. No:81 D:83G, Zeytinburnu\/Istanbul<\/div><\/a><\/li><li class=\"col-lg-3 col-md-6 col-sm-6 col-ms-6 col-xs-6\" ><a href=\"tel:+902122222223%20\"   class=\"in\"><span class=\"ltx-icon icon-phone-call bg-transparent\"><\/span> <h6 class=\"header\"> Phone Number <\/h6> <div class=\"descr\">+90 (212) 222 2223 <\/div><\/a><\/li><li class=\"col-lg-3 col-md-6 col-sm-6 col-ms-6 col-xs-6\" ><div   class=\"in\"><span class=\"ltx-icon icon-wall-clock bg-transparent\"><\/span> <h6 class=\"header\"> Business Hours <\/h6> <div class=\"descr\">Pazartesi - Cumartesi 09:00 - 18:30 <\/div><\/div><\/li><li class=\"col-lg-3 col-md-6 col-sm-6 col-ms-6 col-xs-6\" ><a href=\"tel:+902122222223\"   class=\"in\"><span class=\"ltx-icon fa fa-solid fa-user-doctor bg-transparent\"><\/span> <h6 class=\"header\"> Site Edit\u00f6r\u00fc <\/h6> <div class=\"descr\">STR DENT 02122222223<\/div><\/a><\/li><\/ul><\/div><\/div><\/div><\/div><\/section><div class=\"vc_row-full-width vc_clearfix\"><\/div>\n<\/div>","protected":false},"excerpt":{"rendered":"Adres Seyitnizam, Mevlana Cd. No:81 D:83G, Zeytinburnu\/\u0130stanbul Telefon Numaras\u0131 +90 (212) 222 2223 \u00c7al\u0131\u015fma Saatleri Pazartesi - Cumartesi 09:00 - 18:30 Site Edit\u00f6r\u00fc STR DENT 02122222223","protected":false},"author":1,"featured_media":0,"parent":0,"menu_order":0,"comment_status":"closed","ping_status":"closed","template":"page-templates\/full-width.php","meta":{"_uag_custom_page_level_css":"","footnotes":""},"class_list":["post-25","page","type-page","status-publish","hentry"],"uagb_featured_image_src":{"full":false,"thumbnail":false,"medium":false,"medium_large":false,"large":false,"1536x1536":false,"2048x2048":false,"trp-custom-language-flag":false,"post-thumbnail":false,"ollis-portfolio":false,"ollis-blog-300":false,"ollis-blog-featured":false,"ollis-blog-tiny":false,"ollis-blog":false,"ollis-wc-featured":false,"ollis-client":false,"ollis-blog-full":false,"ollis-wc-cat":false,"ollis-partners":false,"ollis-tiny-square":false,"ollis-tiny":false,"ollis-gallery-grid":false,"ollis-gallery-big":false,"ollis-gallery":false,"ollis-team":false},"uagb_author_info":{"display_name":"STR DENT","author_link":"#"},"uagb_comment_info":0,"uagb_excerpt":null,"_links":{"self":[{"href":"https:\/\/strdent.com\/en\/wp-json\/wp\/v2\/pages\/25","targetHints":{"allow":["GET"]}}],"collection":[{"href":"https:\/\/strdent.com\/en\/wp-json\/wp\/v2\/pages"}],"about":[{"href":"https:\/\/strdent.com\/en\/wp-json\/wp\/v2\/types\/page"}],"author":[{"embeddable":true,"href":"https:\/\/strdent.com\/en\/wp-json\/wp\/v2\/users\/1"}],"replies":[{"embeddable":true,"href":"https:\/\/strdent.com\/en\/wp-json\/wp\/v2\/comments?post=25"}],"version-history":[{"count":2,"href":"https:\/\/strdent.com\/en\/wp-json\/wp\/v2\/pages\/25\/revisions"}],"predecessor-version":[{"id":69225,"href":"https:\/\/strdent.com\/en\/wp-json\/wp\/v2\/pages\/25\/revisions\/69225"}],"wp:attachment":[{"href":"https:\/\/strdent.com\/en\/wp-json\/wp\/v2\/media?parent=25"}],"curies":[{"name":"wp","href":"https:\/\/api.w.org\/{rel}","templated":true}]}}