{"id":13148,"date":"2025-10-15T06:49:25","date_gmt":"2025-10-15T06:49:25","guid":{"rendered":"https:\/\/demo2.softasist.com\/?page_id=13148"},"modified":"2025-11-12T07:10:59","modified_gmt":"2025-11-12T07:10:59","slug":"sertifikalarimiz","status":"publish","type":"page","link":"https:\/\/strdent.com\/en\/sertifikalarimiz\/","title":{"rendered":"Our Certificates"},"content":{"rendered":"<div class=\"wpb-content-wrapper\"><div class=\"vc_row wpb_row vc_row-fluid\"><div class=\"wpb_column vc_column_container vc_col-sm-12\"><div class=\"vc_column-inner\"><div class=\"wpb_wrapper\">\n\t<div class=\"wpb_text_column wpb_content_element\" >\n\t\t<div class=\"wpb_wrapper\">\n\t\t\t<p>STR Dent to our customers, while providing top-level service quality, occupational health, safety and Environment Management we attach great importance to. Therefore, we prove its compliance with international standards and continuous improvement in order to promote the various ISO certificates we have.<\/p>\n<p><strong>ISO 50001: energy management system<\/strong><\/p>\n<p>ISO 50001 certification for energy management system in compliance with international standards in our documentation. Dent as STR, improve energy efficiency, reduce our carbon footprint and we are in a continuous effort to use resources efficiently. This certificate is to monitor the energy performance of our company and helps to heal.<\/p>\n<p><strong>ISO 45001: Occupational Health and safety management system<\/strong><\/p>\n<p>To ensure the safety of our staff and our customers we are committed to strict adherence to occupational health and safety standards. Certificate ISO 45001, Occupational Health and safety management system documents and evidence for the effectiveness of our continuous efforts to reduce risks in the workplace.<\/p>\n<p><strong>ISO 9001: Quality Management System<\/strong><\/p>\n<p>Customer satisfaction and continuous improvement, to ensure we have the ISO 9001 certification. STR Dent as ongoing training, quality control and customer feedback processes, using we are constantly developing our services. This certification proves that we provide the highest quality service to our customers.<\/p>\n<p><strong>ISO 14001: Environmental Management System<\/strong><\/p>\n<p>ISO 14001 certification, we have to reduce our environmental impact and to promote environmentally friendly practices. Dent as STR, waste management, environmental issues such as energy efficiency and Yesil we focus on continuous improvement in the supply chain. This certificate is known as an environmentally conscious company and we help to protect natural resources.<\/p>\n<p>Dent as STR, ISO certificates and we are aware of the responsibility that have brought us to our customers and we strive to fulfill our commitments to the community.<\/p>\n<div class=\"intersub-ai-chat\" style=\"color-scheme: initial; forced-color-adjust: initial; mask: initial; math-depth: initial; position: fixed !important; position-anchor: initial; text-size-adjust: initial; appearance: initial; color: initial; font: initial; font-palette: initial; font-synthesis: initial; position-area: initial; text-orientation: initial; text-rendering: initial; text-spacing-trim: initial; -webkit-font-smoothing: initial; -webkit-locale: initial; -webkit-text-orientation: initial; -webkit-writing-mode: initial; writing-mode: initial; zoom: initial; accent-color: initial; place-content: initial; place-items: initial; place-self: initial; alignment-baseline: initial; anchor-name: initial; anchor-scope: initial; animation-composition: initial; animation: initial; app-region: initial; aspect-ratio: initial; backdrop-filter: initial; backface-visibility: initial; background: initial; background-blend-mode: initial; baseline-shift: initial; baseline-source: initial; block-size: initial; border-block: initial; border: initial; border-radius: initial; border-collapse: initial; border-end-end-radius: initial; border-end-start-radius: initial; border-inline: initial; border-start-end-radius: initial; border-start-start-radius: initial; bottom: 0px !important; box-decoration-break: initial; box-shadow: initial; box-sizing: border-box; break-after: initial; break-before: initial; break-inside: initial; buffered-rendering: initial; caption-side: initial; caret-animation: initial; caret-color: initial; clear: initial; clip: initial; clip-path: initial; clip-rule: initial; color-interpolation: initial; color-interpolation-filters: initial; color-rendering: initial; columns: initial; column-fill: initial; gap: initial; column-rule: initial; column-span: initial; contain: initial; contain-intrinsic-block-size: initial; contain-intrinsic-size: initial; contain-intrinsic-inline-size: initial; container: initial; content: initial; content-visibility: initial; corner-shape: initial; corner-block-end-shape: initial; corner-block-start-shape: initial; counter-increment: initial; counter-reset: initial; counter-set: initial; cursor: initial; cx: initial; cy: initial; d: initial; display: flex !important; dominant-baseline: initial; dynamic-range-limit: initial; empty-cells: initial; field-sizing: initial; fill: initial; fill-opacity: initial; fill-rule: initial; filter: initial; flex: initial; flex-direction: column !important; flex-wrap: initial; float: initial; flood-color: initial; flood-opacity: initial; grid: initial; grid-area: initial; height: initial; hyphenate-character: initial; hyphenate-limit-chars: initial; hyphens: initial; image-orientation: initial; image-rendering: initial; initial-letter: initial; inline-size: initial; inset-block: initial; inset-inline: initial; interest-delay: initial; interpolate-size: initial; isolation: initial; left: initial; letter-spacing: initial; lighting-color: initial; line-break: initial; list-style: initial; margin-block: initial; margin: initial; margin-inline: initial; marker: initial; mask-type: initial; math-shift: initial; math-style: initial; max-block-size: initial; max-height: 100% !important; max-inline-size: initial; max-width: initial; min-block-size: initial; min-height: initial; min-inline-size: initial; min-width: initial; mix-blend-mode: initial; object-fit: initial; object-position: initial; object-view-box: initial; offset: initial; opacity: initial; order: initial; orphans: initial; outline: initial; outline-offset: initial; overflow-anchor: initial; overflow-block: initial; overflow-clip-margin: initial; overflow-inline: initial; overflow-wrap: initial; overflow: hidden; overlay: initial; overscroll-behavior-block: initial; overscroll-behavior-inline: initial; overscroll-behavior: initial; padding-block: initial; padding: initial; padding-inline: initial; page: initial; page-orientation: initial; paint-order: initial; perspective: initial; perspective-origin: initial; pointer-events: none !important; position-try: initial; position-visibility: initial; print-color-adjust: initial; quotes: initial; r: initial; reading-flow: initial; reading-order: initial; resize: initial; right: 0px !important; rotate: initial; ruby-align: initial; ruby-position: initial; rx: initial; ry: initial; scale: initial; scroll-behavior: initial; scroll-initial-target: initial; scroll-margin-block: initial; scroll-margin: initial; scroll-margin-inline: initial; scroll-marker-group: initial; scroll-padding-block: initial; scroll-padding: initial; scroll-padding-inline: initial; scroll-snap-align: initial; scroll-snap-stop: initial; scroll-snap-type: initial; scroll-target-group: initial; scroll-timeline: initial; scrollbar-color: initial; scrollbar-gutter: initial; scrollbar-width: initial; shape-image-threshold: initial; shape-margin: initial; shape-outside: initial; shape-rendering: initial; size: initial; speak: initial; stop-color: initial; stop-opacity: initial; stroke: initial; stroke-dasharray: initial; stroke-dashoffset: initial; stroke-linecap: initial; stroke-linejoin: initial; stroke-miterlimit: initial; stroke-opacity: initial; stroke-width: initial; tab-size: initial; table-layout: initial; text-align: initial; text-align-last: initial; text-anchor: initial; text-autospace: initial; text-box: initial; text-combine-upright: initial; text-decoration: initial; text-decoration-skip-ink: initial; text-emphasis: initial; text-emphasis-position: initial; text-indent: initial; text-overflow: initial; text-shadow: initial; text-transform: initial; text-underline-offset: initial; text-underline-position: initial; text-wrap: initial; timeline-scope: initial; top: 0px !important; touch-action: initial; transform: initial; transform-box: initial; transform-origin: initial; transform-style: initial; transition: initial; translate: initial; user-select: initial; vector-effect: initial; vertical-align: initial; view-timeline: initial; view-transition-class: initial; view-transition-group: initial; view-transition-name: initial; visibility: initial; border-spacing: initial; -webkit-box-align: initial; -webkit-box-decoration-break: initial; -webkit-box-direction: initial; -webkit-box-flex: initial; -webkit-box-ordinal-group: initial; -webkit-box-orient: initial; -webkit-box-pack: initial; -webkit-box-reflect: initial; -webkit-line-break: initial; -webkit-line-clamp: initial; -webkit-mask-box-image: initial; -webkit-rtl-ordering: initial; -webkit-ruby-position: initial; -webkit-tap-highlight-color: initial; -webkit-text-combine: initial; -webkit-text-decorations-in-effect: initial; -webkit-text-fill-color: initial; -webkit-text-security: initial; -webkit-text-stroke: initial; -webkit-user-drag: initial; white-space-collapse: initial; widows: initial; width: initial; will-change: initial; word-break: initial; word-spacing: initial; x: initial; y: initial; z-index: 2000000000 !important;\">\u00a0<\/div>\n\n\t\t<\/div>\n\t<\/div>\n<\/div><\/div><\/div><\/div><div class=\"vc_row wpb_row vc_row-fluid\"><div class=\"wpb_column vc_column_container vc_col-sm-2\"><div class=\"vc_column-inner\"><div class=\"wpb_wrapper\">\n\t<div  class=\"wpb_single_image wpb_content_element vc_align_left wpb_content_element\">\n\t\t\n\t\t<figure class=\"wpb_wrapper vc_figure\">\n\t\t\t<div class=\"vc_single_image-wrapper   vc_box_border_grey\"><img loading=\"lazy\" decoding=\"async\" width=\"1080\" height=\"1920\" src=\"https:\/\/strdent.com\/wp-content\/uploads\/2025\/11\/sertifika-1.jpg\" class=\"vc_single_image-img attachment-full\" alt=\"\" title=\"sertifika-1\" srcset=\"https:\/\/strdent.com\/wp-content\/uploads\/2025\/11\/sertifika-1.jpg 1080w, https:\/\/strdent.com\/wp-content\/uploads\/2025\/11\/sertifika-1-169x300.jpg 169w, https:\/\/strdent.com\/wp-content\/uploads\/2025\/11\/sertifika-1-576x1024.jpg 576w, https:\/\/strdent.com\/wp-content\/uploads\/2025\/11\/sertifika-1-768x1365.jpg 768w, https:\/\/strdent.com\/wp-content\/uploads\/2025\/11\/sertifika-1-864x1536.jpg 864w, https:\/\/strdent.com\/wp-content\/uploads\/2025\/11\/sertifika-1-450x800.jpg 450w, https:\/\/strdent.com\/wp-content\/uploads\/2025\/11\/sertifika-1-309x550.jpg 309w\" sizes=\"auto, (max-width: 1080px) 100vw, 1080px\" \/><\/div>\n\t\t<\/figure>\n\t<\/div>\n<\/div><\/div><\/div><div class=\"wpb_column vc_column_container vc_col-sm-2\"><div class=\"vc_column-inner\"><div class=\"wpb_wrapper\">\n\t<div  class=\"wpb_single_image wpb_content_element vc_align_left wpb_content_element\">\n\t\t\n\t\t<figure class=\"wpb_wrapper vc_figure\">\n\t\t\t<div class=\"vc_single_image-wrapper   vc_box_border_grey\"><img loading=\"lazy\" decoding=\"async\" width=\"1080\" height=\"1920\" src=\"https:\/\/strdent.com\/wp-content\/uploads\/2025\/11\/sertifika-2.jpg\" class=\"vc_single_image-img attachment-full\" alt=\"\" title=\"sertifika-2\" srcset=\"https:\/\/strdent.com\/wp-content\/uploads\/2025\/11\/sertifika-2.jpg 1080w, https:\/\/strdent.com\/wp-content\/uploads\/2025\/11\/sertifika-2-169x300.jpg 169w, https:\/\/strdent.com\/wp-content\/uploads\/2025\/11\/sertifika-2-576x1024.jpg 576w, https:\/\/strdent.com\/wp-content\/uploads\/2025\/11\/sertifika-2-768x1365.jpg 768w, https:\/\/strdent.com\/wp-content\/uploads\/2025\/11\/sertifika-2-864x1536.jpg 864w, https:\/\/strdent.com\/wp-content\/uploads\/2025\/11\/sertifika-2-450x800.jpg 450w, https:\/\/strdent.com\/wp-content\/uploads\/2025\/11\/sertifika-2-309x550.jpg 309w\" sizes=\"auto, (max-width: 1080px) 100vw, 1080px\" \/><\/div>\n\t\t<\/figure>\n\t<\/div>\n<\/div><\/div><\/div><div class=\"wpb_column vc_column_container vc_col-sm-2\"><div class=\"vc_column-inner\"><div class=\"wpb_wrapper\">\n\t<div  class=\"wpb_single_image wpb_content_element vc_align_left wpb_content_element\">\n\t\t\n\t\t<figure class=\"wpb_wrapper vc_figure\">\n\t\t\t<div class=\"vc_single_image-wrapper   vc_box_border_grey\"><img loading=\"lazy\" decoding=\"async\" width=\"1080\" height=\"1920\" src=\"https:\/\/strdent.com\/wp-content\/uploads\/2025\/11\/sertifika-3.jpg\" class=\"vc_single_image-img attachment-full\" alt=\"\" title=\"sertifika-3\" srcset=\"https:\/\/strdent.com\/wp-content\/uploads\/2025\/11\/sertifika-3.jpg 1080w, https:\/\/strdent.com\/wp-content\/uploads\/2025\/11\/sertifika-3-169x300.jpg 169w, https:\/\/strdent.com\/wp-content\/uploads\/2025\/11\/sertifika-3-576x1024.jpg 576w, https:\/\/strdent.com\/wp-content\/uploads\/2025\/11\/sertifika-3-768x1365.jpg 768w, https:\/\/strdent.com\/wp-content\/uploads\/2025\/11\/sertifika-3-864x1536.jpg 864w, https:\/\/strdent.com\/wp-content\/uploads\/2025\/11\/sertifika-3-450x800.jpg 450w, https:\/\/strdent.com\/wp-content\/uploads\/2025\/11\/sertifika-3-309x550.jpg 309w\" sizes=\"auto, (max-width: 1080px) 100vw, 1080px\" \/><\/div>\n\t\t<\/figure>\n\t<\/div>\n<\/div><\/div><\/div><div class=\"wpb_column vc_column_container vc_col-sm-2\"><div class=\"vc_column-inner\"><div class=\"wpb_wrapper\">\n\t<div  class=\"wpb_single_image wpb_content_element vc_align_left wpb_content_element\">\n\t\t\n\t\t<figure class=\"wpb_wrapper vc_figure\">\n\t\t\t<div class=\"vc_single_image-wrapper   vc_box_border_grey\"><img loading=\"lazy\" decoding=\"async\" width=\"1080\" height=\"1920\" src=\"https:\/\/strdent.com\/wp-content\/uploads\/2025\/11\/sertifika-4.jpg\" class=\"vc_single_image-img attachment-full\" alt=\"\" title=\"sertifika-4\" srcset=\"https:\/\/strdent.com\/wp-content\/uploads\/2025\/11\/sertifika-4.jpg 1080w, https:\/\/strdent.com\/wp-content\/uploads\/2025\/11\/sertifika-4-169x300.jpg 169w, https:\/\/strdent.com\/wp-content\/uploads\/2025\/11\/sertifika-4-576x1024.jpg 576w, https:\/\/strdent.com\/wp-content\/uploads\/2025\/11\/sertifika-4-768x1365.jpg 768w, https:\/\/strdent.com\/wp-content\/uploads\/2025\/11\/sertifika-4-864x1536.jpg 864w, https:\/\/strdent.com\/wp-content\/uploads\/2025\/11\/sertifika-4-450x800.jpg 450w, https:\/\/strdent.com\/wp-content\/uploads\/2025\/11\/sertifika-4-309x550.jpg 309w\" sizes=\"auto, (max-width: 1080px) 100vw, 1080px\" \/><\/div>\n\t\t<\/figure>\n\t<\/div>\n<\/div><\/div><\/div><div class=\"wpb_column vc_column_container vc_col-sm-2\"><div class=\"vc_column-inner\"><div class=\"wpb_wrapper\">\n\t<div  class=\"wpb_single_image wpb_content_element vc_align_left wpb_content_element\">\n\t\t\n\t\t<figure class=\"wpb_wrapper vc_figure\">\n\t\t\t<div class=\"vc_single_image-wrapper   vc_box_border_grey\"><img loading=\"lazy\" decoding=\"async\" width=\"1080\" height=\"1920\" src=\"https:\/\/strdent.com\/wp-content\/uploads\/2025\/11\/sertifika-5.jpg\" class=\"vc_single_image-img attachment-full\" alt=\"\" title=\"sertifika-5\" srcset=\"https:\/\/strdent.com\/wp-content\/uploads\/2025\/11\/sertifika-5.jpg 1080w, https:\/\/strdent.com\/wp-content\/uploads\/2025\/11\/sertifika-5-169x300.jpg 169w, https:\/\/strdent.com\/wp-content\/uploads\/2025\/11\/sertifika-5-576x1024.jpg 576w, https:\/\/strdent.com\/wp-content\/uploads\/2025\/11\/sertifika-5-768x1365.jpg 768w, https:\/\/strdent.com\/wp-content\/uploads\/2025\/11\/sertifika-5-864x1536.jpg 864w, https:\/\/strdent.com\/wp-content\/uploads\/2025\/11\/sertifika-5-450x800.jpg 450w, https:\/\/strdent.com\/wp-content\/uploads\/2025\/11\/sertifika-5-309x550.jpg 309w\" sizes=\"auto, (max-width: 1080px) 100vw, 1080px\" \/><\/div>\n\t\t<\/figure>\n\t<\/div>\n<\/div><\/div><\/div><div class=\"wpb_column vc_column_container vc_col-sm-2\"><div class=\"vc_column-inner\"><div class=\"wpb_wrapper\">\n\t<div  class=\"wpb_single_image wpb_content_element vc_align_left wpb_content_element\">\n\t\t\n\t\t<figure class=\"wpb_wrapper vc_figure\">\n\t\t\t<div class=\"vc_single_image-wrapper   vc_box_border_grey\"><img loading=\"lazy\" decoding=\"async\" width=\"1080\" height=\"1920\" src=\"https:\/\/strdent.com\/wp-content\/uploads\/2025\/11\/sertifika-6.jpg\" class=\"vc_single_image-img attachment-full\" alt=\"\" title=\"sertifika-6\" srcset=\"https:\/\/strdent.com\/wp-content\/uploads\/2025\/11\/sertifika-6.jpg 1080w, https:\/\/strdent.com\/wp-content\/uploads\/2025\/11\/sertifika-6-169x300.jpg 169w, https:\/\/strdent.com\/wp-content\/uploads\/2025\/11\/sertifika-6-576x1024.jpg 576w, https:\/\/strdent.com\/wp-content\/uploads\/2025\/11\/sertifika-6-768x1365.jpg 768w, https:\/\/strdent.com\/wp-content\/uploads\/2025\/11\/sertifika-6-864x1536.jpg 864w, https:\/\/strdent.com\/wp-content\/uploads\/2025\/11\/sertifika-6-450x800.jpg 450w, https:\/\/strdent.com\/wp-content\/uploads\/2025\/11\/sertifika-6-309x550.jpg 309w\" sizes=\"auto, (max-width: 1080px) 100vw, 1080px\" \/><\/div>\n\t\t<\/figure>\n\t<\/div>\n<\/div><\/div><\/div><\/div><div class=\"vc_row wpb_row vc_row-fluid\"><div class=\"wpb_column vc_column_container vc_col-sm-2\"><div class=\"vc_column-inner\"><div class=\"wpb_wrapper\">\n\t<div  class=\"wpb_single_image wpb_content_element vc_align_left wpb_content_element\">\n\t\t\n\t\t<figure class=\"wpb_wrapper vc_figure\">\n\t\t\t<div class=\"vc_single_image-wrapper   vc_box_border_grey\"><img loading=\"lazy\" decoding=\"async\" width=\"1080\" height=\"1920\" src=\"https:\/\/strdent.com\/wp-content\/uploads\/2025\/11\/sertifika-7.jpg\" class=\"vc_single_image-img attachment-full\" alt=\"\" title=\"sertifika-7\" srcset=\"https:\/\/strdent.com\/wp-content\/uploads\/2025\/11\/sertifika-7.jpg 1080w, https:\/\/strdent.com\/wp-content\/uploads\/2025\/11\/sertifika-7-169x300.jpg 169w, https:\/\/strdent.com\/wp-content\/uploads\/2025\/11\/sertifika-7-576x1024.jpg 576w, https:\/\/strdent.com\/wp-content\/uploads\/2025\/11\/sertifika-7-768x1365.jpg 768w, https:\/\/strdent.com\/wp-content\/uploads\/2025\/11\/sertifika-7-864x1536.jpg 864w, https:\/\/strdent.com\/wp-content\/uploads\/2025\/11\/sertifika-7-450x800.jpg 450w, https:\/\/strdent.com\/wp-content\/uploads\/2025\/11\/sertifika-7-309x550.jpg 309w\" sizes=\"auto, (max-width: 1080px) 100vw, 1080px\" \/><\/div>\n\t\t<\/figure>\n\t<\/div>\n<\/div><\/div><\/div><div class=\"wpb_column vc_column_container vc_col-sm-2\"><div class=\"vc_column-inner\"><div class=\"wpb_wrapper\">\n\t<div  class=\"wpb_single_image wpb_content_element vc_align_left wpb_content_element\">\n\t\t\n\t\t<figure class=\"wpb_wrapper vc_figure\">\n\t\t\t<div class=\"vc_single_image-wrapper   vc_box_border_grey\"><img loading=\"lazy\" decoding=\"async\" width=\"1080\" height=\"1920\" src=\"https:\/\/strdent.com\/wp-content\/uploads\/2025\/11\/sertifika-8.jpg\" class=\"vc_single_image-img attachment-full\" alt=\"\" title=\"sertifika-8\" srcset=\"https:\/\/strdent.com\/wp-content\/uploads\/2025\/11\/sertifika-8.jpg 1080w, https:\/\/strdent.com\/wp-content\/uploads\/2025\/11\/sertifika-8-169x300.jpg 169w, https:\/\/strdent.com\/wp-content\/uploads\/2025\/11\/sertifika-8-576x1024.jpg 576w, https:\/\/strdent.com\/wp-content\/uploads\/2025\/11\/sertifika-8-768x1365.jpg 768w, https:\/\/strdent.com\/wp-content\/uploads\/2025\/11\/sertifika-8-864x1536.jpg 864w, https:\/\/strdent.com\/wp-content\/uploads\/2025\/11\/sertifika-8-450x800.jpg 450w, https:\/\/strdent.com\/wp-content\/uploads\/2025\/11\/sertifika-8-309x550.jpg 309w\" sizes=\"auto, (max-width: 1080px) 100vw, 1080px\" \/><\/div>\n\t\t<\/figure>\n\t<\/div>\n<\/div><\/div><\/div><div class=\"wpb_column vc_column_container vc_col-sm-2\"><div class=\"vc_column-inner\"><div class=\"wpb_wrapper\">\n\t<div  class=\"wpb_single_image wpb_content_element vc_align_left wpb_content_element\">\n\t\t\n\t\t<figure class=\"wpb_wrapper vc_figure\">\n\t\t\t<div class=\"vc_single_image-wrapper   vc_box_border_grey\"><img loading=\"lazy\" decoding=\"async\" width=\"1080\" height=\"1920\" src=\"https:\/\/strdent.com\/wp-content\/uploads\/2025\/11\/sertifika-9.jpg\" class=\"vc_single_image-img attachment-full\" alt=\"\" title=\"sertifika-9\" srcset=\"https:\/\/strdent.com\/wp-content\/uploads\/2025\/11\/sertifika-9.jpg 1080w, https:\/\/strdent.com\/wp-content\/uploads\/2025\/11\/sertifika-9-169x300.jpg 169w, https:\/\/strdent.com\/wp-content\/uploads\/2025\/11\/sertifika-9-576x1024.jpg 576w, https:\/\/strdent.com\/wp-content\/uploads\/2025\/11\/sertifika-9-768x1365.jpg 768w, https:\/\/strdent.com\/wp-content\/uploads\/2025\/11\/sertifika-9-864x1536.jpg 864w, https:\/\/strdent.com\/wp-content\/uploads\/2025\/11\/sertifika-9-450x800.jpg 450w, https:\/\/strdent.com\/wp-content\/uploads\/2025\/11\/sertifika-9-309x550.jpg 309w\" sizes=\"auto, (max-width: 1080px) 100vw, 1080px\" \/><\/div>\n\t\t<\/figure>\n\t<\/div>\n<\/div><\/div><\/div><div class=\"wpb_column vc_column_container vc_col-sm-2\"><div class=\"vc_column-inner\"><div class=\"wpb_wrapper\"><\/div><\/div><\/div><div class=\"wpb_column vc_column_container vc_col-sm-2\"><div class=\"vc_column-inner\"><div class=\"wpb_wrapper\"><\/div><\/div><\/div><div class=\"wpb_column vc_column_container vc_col-sm-2\"><div class=\"vc_column-inner\"><div class=\"wpb_wrapper\"><\/div><\/div><\/div><\/div>\n<\/div>","protected":false},"excerpt":{"rendered":"STR Dent olarak, m\u00fc\u015fterilerimize en \u00fcst d\u00fczeyde hizmet sunarken kalite, i\u015f sa\u011fl\u0131\u011f\u0131 ve g\u00fcvenli\u011fi ile \u00e7evre y\u00f6netimine b\u00fcy\u00fck \u00f6nem veriyoruz. Bu nedenle, uluslararas\u0131 standartlara uygunlu\u011fumuzu kan\u0131tlamak ve s\u00fcrekli iyile\u015ftirmeyi te\u015fvik etmek amac\u0131yla \u00e7e\u015fitli ISO sertifikalar\u0131na sahibiz. ISO 50001: Enerji Y\u00f6netim Sistemi ISO 50001 sertifikas\u0131, enerji y\u00f6netim sistemimizin uluslararas\u0131 standartlara uygunlu\u011funu belgeler. STR Dent olarak, enerji verimlili\u011fini art\u0131rmak, kaynaklar\u0131 etkin kullanmak ve karbon ayak izimizi azaltmak i\u00e7in s\u00fcrekli \u00e7aba sarf ediyoruz. Bu sertifika, i\u015fletmemizin enerji performans\u0131n\u0131 izlemesine ve iyile\u015ftirmesine yard\u0131mc\u0131 olur. ISO 45001: \u0130\u015f Sa\u011fl\u0131\u011f\u0131 ve G\u00fcvenli\u011fi Y\u00f6netim Sistemi Personelimizin ve m\u00fc\u015fterilerimizin g\u00fcvenli\u011fini sa\u011flamak i\u00e7in i\u015f sa\u011fl\u0131\u011f\u0131 ve g\u00fcvenli\u011fi standartlar\u0131na s\u0131k\u0131 [...]","protected":false},"author":1,"featured_media":0,"parent":0,"menu_order":0,"comment_status":"closed","ping_status":"closed","template":"","meta":{"_uag_custom_page_level_css":"","footnotes":""},"class_list":["post-13148","page","type-page","status-publish","hentry"],"uagb_featured_image_src":{"full":false,"thumbnail":false,"medium":false,"medium_large":false,"large":false,"1536x1536":false,"2048x2048":false,"trp-custom-language-flag":false,"post-thumbnail":false,"ollis-portfolio":false,"ollis-blog-300":false,"ollis-blog-featured":false,"ollis-blog-tiny":false,"ollis-blog":false,"ollis-wc-featured":false,"ollis-client":false,"ollis-blog-full":false,"ollis-wc-cat":false,"ollis-partners":false,"ollis-tiny-square":false,"ollis-tiny":false,"ollis-gallery-grid":false,"ollis-gallery-big":false,"ollis-gallery":false,"ollis-team":false},"uagb_author_info":{"display_name":"STR DENT","author_link":"#"},"uagb_comment_info":0,"uagb_excerpt":null,"_links":{"self":[{"href":"https:\/\/strdent.com\/en\/wp-json\/wp\/v2\/pages\/13148","targetHints":{"allow":["GET"]}}],"collection":[{"href":"https:\/\/strdent.com\/en\/wp-json\/wp\/v2\/pages"}],"about":[{"href":"https:\/\/strdent.com\/en\/wp-json\/wp\/v2\/types\/page"}],"author":[{"embeddable":true,"href":"https:\/\/strdent.com\/en\/wp-json\/wp\/v2\/users\/1"}],"replies":[{"embeddable":true,"href":"https:\/\/strdent.com\/en\/wp-json\/wp\/v2\/comments?post=13148"}],"version-history":[{"count":6,"href":"https:\/\/strdent.com\/en\/wp-json\/wp\/v2\/pages\/13148\/revisions"}],"predecessor-version":[{"id":69065,"href":"https:\/\/strdent.com\/en\/wp-json\/wp\/v2\/pages\/13148\/revisions\/69065"}],"wp:attachment":[{"href":"https:\/\/strdent.com\/en\/wp-json\/wp\/v2\/media?parent=13148"}],"curies":[{"name":"wp","href":"https:\/\/api.w.org\/{rel}","templated":true}]}}