{"id":13146,"date":"2025-10-15T06:46:43","date_gmt":"2025-10-15T06:46:43","guid":{"rendered":"https:\/\/demo2.softasist.com\/?page_id=13146"},"modified":"2025-11-10T07:18:39","modified_gmt":"2025-11-10T07:18:39","slug":"hasta-karsilama-proseduru","status":"publish","type":"page","link":"https:\/\/strdent.com\/en\/hasta-karsilama-proseduru\/","title":{"rendered":"Patient Welcome Procedure"},"content":{"rendered":"<h5 class=\"wp-block-heading\">Patient Welcome Procedure<br><\/h5>\n\n\n\n<p>Patient satisfaction and comfort as the highest priority among the targets dent STR. Therefore, every patient that comes to our clinic and meet our genially welcome to make themselves feel comfortable in a carefully designed procedure. Dent in welcoming STR patient with the details of the process here:<\/p>\n\n\n\n<ol class=\"wp-block-list\">\n<li><strong>A warm welcome and communication<\/strong>: STR Dent when you step, you are greeted with a warm smile and friendly welcome. Our reception staff to find out an intimate establish communication with you and your needs you listen carefully.<\/li>\n\n\n\n<li><strong>Confirmation of appointment and information<\/strong>: After you have confirmed your appointment, your appointment details about your visit and the necessary information is given. Examination or treatment to ensure you have a clear understanding about the process, we'll answer all your questions.<\/li>\n\n\n\n<li><strong>Personal data Intake and medical history<\/strong>: As a new patient, request information about your personal data and your medical history. This information is important for the evaluation of your treatment plan and your health status.<\/li>\n\n\n\n<li><strong>Promotion type and clinical<\/strong>: STR Dent clinic at our clinic and are made of a type to explore our short clinical detailed information about the services that are offered are given. In our clinic that have confidence, and makes you feel more comfortable with yourself.<\/li>\n\n\n\n<li><strong>Examination and treatment planning<\/strong>Our physician's examination upon completion of a treatment plan is created custom for you according to your needs and expectations. In this process, and are informed in detail about your treatment options are supported in your decision making process.<\/li>\n\n\n\n<li><strong>Follow Up After The Appointment<\/strong>: After treatment, follow-up after the appointment and we will give you feedback on a regular basis for the purpose of providing support when necessary.<\/li>\n<\/ol>\n\n\n\n<p>STR Dent, as we keep always in the forefront in patient satisfaction and comfort. Our team here is professional and friendly to your health and your smile. Contact us and take the first step to a healthy smile!<\/p>\n\n\n\n<figure class=\"wp-block-embed is-type-video is-provider-youtube wp-block-embed-youtube wp-embed-aspect-16-9 wp-has-aspect-ratio\"><div class=\"wp-block-embed__wrapper\">\n<iframe loading=\"lazy\" title=\"Zeytinburnu STR DENT is at your service.\" width=\"500\" height=\"281\" src=\"https:\/\/www.youtube.com\/embed\/ngCloHp5y9U?feature=oembed\" frameborder=\"0\" allow=\"accelerometer; autoplay; clipboard-write; encrypted-media; gyroscope; picture-in-picture; web-share\" referrerpolicy=\"strict-origin-when-cross-origin\" allowfullscreen><\/iframe>\n<\/div><\/figure>","protected":false},"excerpt":{"rendered":"<p>Hasta Kar\u015f\u0131lama Prosed\u00fcr\u00fc Hasta memnuniyeti ve konforu, STR Dent olarak en \u00f6ncelikli hedeflerimiz aras\u0131nda yer almaktad\u0131r. Bu nedenle, klini\u011fimize gelen her hastay\u0131 g\u00fclery\u00fczle kar\u015f\u0131lamak ve kendilerini rahat hissettirmek i\u00e7in \u00f6zenle tasarlanm\u0131\u015f bir kar\u015f\u0131lama prosed\u00fcr\u00fcm\u00fcz bulunmaktad\u0131r. \u0130\u015fte STR Dent\u2019te hasta kar\u015f\u0131lama s\u00fcrecinin ayr\u0131nt\u0131lar\u0131: STR Dent olarak, hasta memnuniyetini ve konforunu her zaman \u00f6n planda tutuyoruz. Profesyonel ve samimi ekibimiz, sizin sa\u011fl\u0131\u011f\u0131n\u0131z ve g\u00fcl\u00fcmsemeniz i\u00e7in burada. Bizimle ileti\u015fime ge\u00e7in ve sa\u011fl\u0131kl\u0131 bir g\u00fcl\u00fcmseme i\u00e7in ilk ad\u0131m\u0131 at\u0131n!<\/p>","protected":false},"author":1,"featured_media":0,"parent":0,"menu_order":0,"comment_status":"closed","ping_status":"closed","template":"","meta":{"_uag_custom_page_level_css":"","footnotes":""},"class_list":["post-13146","page","type-page","status-publish","hentry"],"uagb_featured_image_src":{"full":false,"thumbnail":false,"medium":false,"medium_large":false,"large":false,"1536x1536":false,"2048x2048":false,"trp-custom-language-flag":false,"post-thumbnail":false,"ollis-portfolio":false,"ollis-blog-300":false,"ollis-blog-featured":false,"ollis-blog-tiny":false,"ollis-blog":false,"ollis-wc-featured":false,"ollis-client":false,"ollis-blog-full":false,"ollis-wc-cat":false,"ollis-partners":false,"ollis-tiny-square":false,"ollis-tiny":false,"ollis-gallery-grid":false,"ollis-gallery-big":false,"ollis-gallery":false,"ollis-team":false},"uagb_author_info":{"display_name":"STR DENT","author_link":"#"},"uagb_comment_info":0,"uagb_excerpt":"Hasta Kar\u015f\u0131lama Prosed\u00fcr\u00fc Hasta memnuniyeti ve konforu, STR Dent olarak en \u00f6ncelikli hedeflerimiz aras\u0131nda yer almaktad\u0131r. Bu nedenle, klini\u011fimize gelen her hastay\u0131 g\u00fclery\u00fczle kar\u015f\u0131lamak ve kendilerini rahat hissettirmek i\u00e7in \u00f6zenle tasarlanm\u0131\u015f bir kar\u015f\u0131lama prosed\u00fcr\u00fcm\u00fcz bulunmaktad\u0131r. \u0130\u015fte STR Dent\u2019te hasta kar\u015f\u0131lama s\u00fcrecinin ayr\u0131nt\u0131lar\u0131: STR Dent olarak, hasta memnuniyetini ve konforunu her zaman \u00f6n planda tutuyoruz. Profesyonel&hellip;","_links":{"self":[{"href":"https:\/\/strdent.com\/en\/wp-json\/wp\/v2\/pages\/13146","targetHints":{"allow":["GET"]}}],"collection":[{"href":"https:\/\/strdent.com\/en\/wp-json\/wp\/v2\/pages"}],"about":[{"href":"https:\/\/strdent.com\/en\/wp-json\/wp\/v2\/types\/page"}],"author":[{"embeddable":true,"href":"https:\/\/strdent.com\/en\/wp-json\/wp\/v2\/users\/1"}],"replies":[{"embeddable":true,"href":"https:\/\/strdent.com\/en\/wp-json\/wp\/v2\/comments?post=13146"}],"version-history":[{"count":0,"href":"https:\/\/strdent.com\/en\/wp-json\/wp\/v2\/pages\/13146\/revisions"}],"wp:attachment":[{"href":"https:\/\/strdent.com\/en\/wp-json\/wp\/v2\/media?parent=13146"}],"curies":[{"name":"wp","href":"https:\/\/api.w.org\/{rel}","templated":true}]}}