{"id":13140,"date":"2025-10-15T06:42:21","date_gmt":"2025-10-15T06:42:21","guid":{"rendered":"https:\/\/demo2.softasist.com\/?page_id=13140"},"modified":"2025-11-25T14:48:22","modified_gmt":"2025-11-25T14:48:22","slug":"health-tourism","status":"publish","type":"page","link":"https:\/\/strdent.com\/en\/health-tourism\/","title":{"rendered":"Health Tourism in Turkey"},"content":{"rendered":"<div class=\"wpb-content-wrapper\"><div class=\"vc_row wpb_row vc_row-fluid\"><div class=\"wpb_column vc_column_container vc_col-sm-12\"><div class=\"vc_column-inner\"><div class=\"wpb_wrapper\">\n\t<div class=\"wpb_text_column wpb_content_element\" >\n\t\t<div class=\"wpb_wrapper\">\n\t\t\t<h5 class=\"wp-block-heading\">Health Tourism in Turkey<!-- \/wp:post-content --><\/h5>\n<p><!-- wp:paragraph --><\/p>\n<p>Access to health services to individuals for the purpose of medical tourism and travel is a concept that was to use health care resources in different countries. Nowadays, people differences in access to health services, treatment costs, and due to such factors as areas of expertise abroad for health care institutions prefer. Health tourism, medical treatment, cosmetic surgery, dental treatment, rehabilitation, spa and wellness health care services such as various covers. Health tourism has become a rapidly growing sector throughout the world. This sector, both patients and health-care institutions offers various opportunities for. When accessing high quality health care services to patients at the same time, you can experience different cultures, and travel can enjoy. They can increase their revenue by offering services to international patients and health care institutions in the international arena, you can gain recognition.<\/p>\n<p><!-- \/wp:paragraph --><\/p>\n<p>&nbsp;<\/p>\n<p><!-- wp:heading {\"level\":5} --><\/p>\n<h5 class=\"wp-block-heading\"><strong>What Is Medical Tourism?<\/strong><!-- \/wp:heading --><\/h5>\n<p><!-- wp:paragraph --><\/p>\n<p>Medical tourism refers to travel to a different country in order for individuals to access health services. These trips, medical treatments, surgeries, plastic surgery, dental treatment, such as various health and wellness services to meet the needs rehabilitation is performed. Medical tourism, reduce treatment costs for patients and expertise to provide easier access to treatment processes to combine or spend a holiday with health needs in a comfortable environment for reasons such as preferred. Such trips are usually organized with the patient and the attendants are usually special health tourism health tourism packages or programs which has been developed for the purpose of medical tourism destinations may be directed to. Health tourism, as well as organizations that provide health services provides different opportunities for both patients and plays an important role in the global health sector.<\/p>\n<p><!-- \/wp:paragraph --><\/p>\n<p>&nbsp;<\/p>\n<p><!-- wp:heading {\"level\":5} --><\/p>\n<h5 class=\"wp-block-heading\"><strong>Health Tourism In Turkey<\/strong><\/h5>\n<p><!-- \/wp:heading --><\/p>\n<p><!-- wp:paragraph -->In recent years, the field of health tourism in Turkey is rapidly growing and has become a popular destination. The country offers high-quality health services, experienced and expert medical staff and modern medical infrastructure, attracts the attention of medical tourists. In Turkey, health tourism, medical treatment, cosmetic surgery, dental treatment, thermal holds an important place in various fields such as tourism and wellness services. Especially in Istanbul, Ankara, Izmir, Antalya and Bursa of private hospitals and health centers in large cities such as international standards. In areas such as cosmetic surgery and dental treatment in Turkey, high quality services at affordable prices, offering draws attention. In addition, thermal tourism is quite developed in the city, which is famous for its thermal springs. The charm of not only medical services are not limited to Turkey's health tourism.<\/p>\n<p><!-- \/wp:paragraph --><\/p>\n<p><!-- wp:paragraph \/-->\u00a0<\/p>\n\n\t\t<\/div>\n\t<\/div>\n<div class=\"vc_tta-container\" data-vc-action=\"collapse\"><div class=\"vc_general vc_tta vc_tta-accordion vc_tta-color-grey vc_tta-style-classic vc_tta-shape-rounded vc_tta-o-shape-group vc_tta-controls-align-default\"><div class=\"vc_tta-panels-container\"><div class=\"vc_tta-panels\"><div class=\"vc_tta-panel vc_active\" id=\"1760510562875-61b8b482-1a2f\" data-vc-content=\".vc_tta-panel-body\"><div class=\"vc_tta-panel-heading\"><h4 class=\"vc_tta-panel-title vc_tta-controls-icon-position-left\"><a href=\"#1760510562875-61b8b482-1a2f\" data-vc-accordion data-vc-container=\".vc_tta-container\"><span class=\"vc_tta-title-text\">Which offers dental treatment at your clinic?<\/span><i class=\"vc_tta-controls-icon vc_tta-controls-icon-plus\"><\/i><\/a><\/h4><\/div><div class=\"vc_tta-panel-body\">\n\t<div class=\"wpb_text_column wpb_content_element\" >\n\t\t<div class=\"wpb_wrapper\">\n\t\t\t<div class=\"elementskit-single-faq elementor-repeater-item-ee5e074\">\n<div class=\"elementskit-faq-body\">Our clinic offers a wide range of dental treatments, among them, the implant, and cosmetic dentistry, root canal treatment, teeth whitening, tooth extraction and prosthetic treatments such as treatments.<\/div>\n<\/div>\n<div class=\"elementskit-single-faq elementor-repeater-item-86172d4\">\n<div class=\"elementskit-faq-header\">\u00a0<\/div>\n<\/div>\n\n\t\t<\/div>\n\t<\/div>\n<\/div><\/div><div class=\"vc_tta-panel\" id=\"1760510562879-00574e4c-763e\" data-vc-content=\".vc_tta-panel-body\"><div class=\"vc_tta-panel-heading\"><h4 class=\"vc_tta-panel-title vc_tta-controls-icon-position-left\"><a href=\"#1760510562879-00574e4c-763e\" data-vc-accordion data-vc-container=\".vc_tta-container\"><span class=\"vc_tta-title-text\">Treatment costs and what are the payment options?<\/span><i class=\"vc_tta-controls-icon vc_tta-controls-icon-plus\"><\/i><\/a><\/h4><\/div><div class=\"vc_tta-panel-body\">\n\t<div class=\"wpb_text_column wpb_content_element\" >\n\t\t<div class=\"wpb_wrapper\">\n\t\t\t<div class=\"elementskit-single-faq elementor-repeater-item-ee5e074\">\n<div class=\"elementskit-faq-body\">Treatment costs, treatment and may vary according to the condition of the patient. For more detailed information about treatment costs and payment options, please contact our clinic.<\/div>\n<\/div>\n<div class=\"elementskit-single-faq elementor-repeater-item-86172d4\">\n<div class=\"elementskit-faq-header\">\u00a0<\/div>\n<\/div>\n\n\t\t<\/div>\n\t<\/div>\n<\/div><\/div><div class=\"vc_tta-panel\" id=\"1760510635262-11236117-a74f\" data-vc-content=\".vc_tta-panel-body\"><div class=\"vc_tta-panel-heading\"><h4 class=\"vc_tta-panel-title vc_tta-controls-icon-position-left\"><a href=\"#1760510635262-11236117-a74f\" data-vc-accordion data-vc-container=\".vc_tta-container\"><span class=\"vc_tta-title-text\">Why should I choose your clinic?<\/span><i class=\"vc_tta-controls-icon vc_tta-controls-icon-plus\"><\/i><\/a><\/h4><\/div><div class=\"vc_tta-panel-body\">\n\t<div class=\"wpb_text_column wpb_content_element\" >\n\t\t<div class=\"wpb_wrapper\">\n\t\t\t<div class=\"elementskit-single-faq elementor-repeater-item-86172d4\">\n<div class=\"elementskit-faq-body\">With a team of highly qualified and experienced dentists in our clinic, using the latest technology equipment and offers quality service. In addition, it prioritizes patient satisfaction has an understanding that creates treatment plans customized to meet the needs of patients.<\/div>\n<\/div>\n<div class=\"elementskit-single-faq elementor-repeater-item-e53f5d1\">\n<div class=\"elementskit-faq-header\">\u00a0<\/div>\n<\/div>\n\n\t\t<\/div>\n\t<\/div>\n<\/div><\/div><div class=\"vc_tta-panel\" id=\"1760510649169-f9844761-c177\" data-vc-content=\".vc_tta-panel-body\"><div class=\"vc_tta-panel-heading\"><h4 class=\"vc_tta-panel-title vc_tta-controls-icon-position-left\"><a href=\"#1760510649169-f9844761-c177\" data-vc-accordion data-vc-container=\".vc_tta-container\"><span class=\"vc_tta-title-text\">The staff can speak two languages, which in your clinic?<\/span><i class=\"vc_tta-controls-icon vc_tta-controls-icon-plus\"><\/i><\/a><\/h4><\/div><div class=\"vc_tta-panel-body\">\n\t<div class=\"wpb_text_column wpb_content_element\" >\n\t\t<div class=\"wpb_wrapper\">\n\t\t\t<div class=\"elementskit-single-faq elementor-repeater-item-86172d4\">\n<div class=\"elementskit-faq-body\">The staff at our clinic can serve in a variety of languages to meet the needs of international patients. Among these languages: English, German, French, Russian and Arabic.<\/div>\n<\/div>\n<div class=\"elementskit-single-faq elementor-repeater-item-e53f5d1\">\n<div class=\"elementskit-faq-header\">\u00a0<\/div>\n<\/div>\n\n\t\t<\/div>\n\t<\/div>\n<\/div><\/div><div class=\"vc_tta-panel\" id=\"1760510669382-f0777b75-962b\" data-vc-content=\".vc_tta-panel-body\"><div class=\"vc_tta-panel-heading\"><h4 class=\"vc_tta-panel-title vc_tta-controls-icon-position-left\"><a href=\"#1760510669382-f0777b75-962b\" data-vc-accordion data-vc-container=\".vc_tta-container\"><span class=\"vc_tta-title-text\">What is the treatment process and how long can you last?<\/span><i class=\"vc_tta-controls-icon vc_tta-controls-icon-plus\"><\/i><\/a><\/h4><\/div><div class=\"vc_tta-panel-body\">\n\t<div class=\"wpb_text_column wpb_content_element\" >\n\t\t<div class=\"wpb_wrapper\">\n\t\t\t<div class=\"elementor-column elementor-col-50 elementor-top-column elementor-element elementor-element-22f600c\" data-id=\"22f600c\" data-element_type=\"column\">\n<div class=\"elementor-widget-wrap elementor-element-populated\">\n<div class=\"elementor-element elementor-element-c955c2d elementor-widget elementor-widget-elementskit-faq\" data-id=\"c955c2d\" data-element_type=\"widget\" data-widget_type=\"elementskit-faq.default\">\n<div class=\"elementor-widget-container\">\n<div class=\"ekit-wid-con\">\n<div class=\"elementskit-single-faq elementor-repeater-item-e53f5d1\">\n<div class=\"elementskit-faq-body\">The treatment process may vary according to the patient's condition and needs. Overall, examination, treatment planning, treatment implementation, and consists of the following stages. Time may vary depending on the condition of the patient and the chosen treatment.<\/div>\n<\/div>\n<\/div>\n<\/div>\n<\/div>\n<\/div>\n<\/div>\n<div class=\"elementor-column elementor-col-50 elementor-top-column elementor-element elementor-element-8108fe9\" data-id=\"8108fe9\" data-element_type=\"column\">\n<div class=\"elementor-widget-wrap elementor-element-populated\">\n<div class=\"elementor-element elementor-element-d614f2b elementor-widget elementor-widget-elementskit-faq\" data-id=\"d614f2b\" data-element_type=\"widget\" data-widget_type=\"elementskit-faq.default\">\n<div class=\"elementor-widget-container\">\n<div class=\"ekit-wid-con\">\n<div class=\"elementskit-single-faq elementor-repeater-item-ee5e074\">\n<div class=\"elementskit-faq-header\">\u00a0<\/div>\n<\/div>\n<\/div>\n<\/div>\n<\/div>\n<\/div>\n<\/div>\n\n\t\t<\/div>\n\t<\/div>\n<\/div><\/div><div class=\"vc_tta-panel\" id=\"1760510685569-b8032592-012a\" data-vc-content=\".vc_tta-panel-body\"><div class=\"vc_tta-panel-heading\"><h4 class=\"vc_tta-panel-title vc_tta-controls-icon-position-left\"><a href=\"#1760510685569-b8032592-012a\" data-vc-accordion data-vc-container=\".vc_tta-container\"><span class=\"vc_tta-title-text\">Information about the clinic can I get your location?<\/span><i class=\"vc_tta-controls-icon vc_tta-controls-icon-plus\"><\/i><\/a><\/h4><\/div><div class=\"vc_tta-panel-body\">\n\t<div class=\"wpb_text_column wpb_content_element\" >\n\t\t<div class=\"wpb_wrapper\">\n\t\t\t<section class=\"elementor-section elementor-top-section elementor-element elementor-element-e9df06a elementor-section-boxed elementor-section-height-default elementor-section-height-default elementskit-parallax-multi-container\" data-id=\"e9df06a\" data-element_type=\"section\">\n<div class=\"elementor-container elementor-column-gap-default\">\n<div class=\"elementor-column elementor-col-50 elementor-top-column elementor-element elementor-element-8108fe9\" data-id=\"8108fe9\" data-element_type=\"column\">\n<div class=\"elementor-widget-wrap elementor-element-populated\">\n<div class=\"elementor-element elementor-element-d614f2b elementor-widget elementor-widget-elementskit-faq\" data-id=\"d614f2b\" data-element_type=\"widget\" data-widget_type=\"elementskit-faq.default\">\n<div class=\"elementor-widget-container\">\n<div class=\"ekit-wid-con\">\n<div class=\"elementskit-single-faq elementor-repeater-item-e53f5d1\">\n<div class=\"elementskit-faq-body\">Our clinic is close to the city centre and in an easily accessible location. Additionally, in the surrounding area lodging, shopping, and tourist attractions such as the various facilities. We can provide support such as transport and accommodation for your needs.<\/div>\n<\/div>\n<\/div>\n<\/div>\n<\/div>\n<\/div>\n<\/div>\n<\/div>\n<\/section>\n<section class=\"elementor-section elementor-top-section elementor-element elementor-element-b37fa4d elementor-section-boxed elementor-section-height-default elementor-section-height-default elementskit-parallax-multi-container\" data-id=\"b37fa4d\" data-element_type=\"section\">\n<div class=\"elementor-container elementor-column-gap-default\">\n<div class=\"elementor-column elementor-col-100 elementor-top-column elementor-element elementor-element-8ac2c68\" data-id=\"8ac2c68\" data-element_type=\"column\">\n<div class=\"elementor-widget-wrap elementor-element-populated\">\n<div class=\"elementor-element elementor-element-8cc4d56 elementor-widget elementor-widget-elementskit-contact-form7\" data-id=\"8cc4d56\" data-element_type=\"widget\" data-widget_type=\"elementskit-contact-form7.default\">\n<div class=\"elementor-widget-container\">\n<div class=\"ekit-wid-con\">\n<div class=\"ekit-form\">\n<div id=\"wpcf7-f6363-p17260-o1\" class=\"wpcf7 js\" dir=\"ltr\" lang=\"en-US\" data-wpcf7-id=\"6363\">\u00a0<\/div>\n<\/div>\n<\/div>\n<\/div>\n<\/div>\n<\/div>\n<\/div>\n<\/div>\n<\/section>\n\n\t\t<\/div>\n\t<\/div>\n<\/div><\/div><\/div><\/div><\/div><\/div><\/div><\/div><\/div><\/div><\/div>","protected":false},"excerpt":{"rendered":"Sa\u011fl\u0131k Turizmi Sa\u011fl\u0131k turizmi, bireylerin sa\u011fl\u0131k hizmetlerine eri\u015fim amac\u0131yla seyahat etmelerini ve farkl\u0131 \u00fclkelerdeki sa\u011fl\u0131k kaynaklar\u0131n\u0131 kullanmalar\u0131n\u0131 ifade eden bir kavramd\u0131r. G\u00fcn\u00fcm\u00fczde, insanlar sa\u011fl\u0131k hizmetlerine eri\u015fimdeki farkl\u0131l\u0131klar, tedavi maliyetleri ve uzmanl\u0131k alanlar\u0131 gibi fakt\u00f6rlerden dolay\u0131 yurt d\u0131\u015f\u0131ndaki sa\u011fl\u0131k kurumlar\u0131n\u0131 tercih etmektedirler. Sa\u011fl\u0131k turizmi, t\u0131bbi tedavi, estetik cerrahi, di\u015f tedavisi, rehabilitasyon, spa ve wellness gibi \u00e7e\u015fitli sa\u011fl\u0131k hizmetlerini kapsamaktad\u0131r. Sa\u011fl\u0131k turizmi, d\u00fcnya genelinde h\u0131zla b\u00fcy\u00fcyen bir sekt\u00f6r haline gelmi\u015ftir. Bu sekt\u00f6r, hem hastalar hem de sa\u011fl\u0131k kurumlar\u0131 i\u00e7in \u00e7e\u015fitli f\u0131rsatlar sunmaktad\u0131r. Hastalar, kaliteli sa\u011fl\u0131k hizmetlerine eri\u015firken ayn\u0131 zamanda farkl\u0131 k\u00fclt\u00fcrleri deneyimleyebilir ve seyahat keyfi ya\u015fayabilirler. Sa\u011fl\u0131k kurumlar\u0131 ise uluslararas\u0131 hastalara hizmet [...]","protected":false},"author":1,"featured_media":0,"parent":0,"menu_order":0,"comment_status":"closed","ping_status":"closed","template":"","meta":{"_uag_custom_page_level_css":"","footnotes":""},"class_list":["post-13140","page","type-page","status-publish","hentry"],"uagb_featured_image_src":{"full":false,"thumbnail":false,"medium":false,"medium_large":false,"large":false,"1536x1536":false,"2048x2048":false,"trp-custom-language-flag":false,"post-thumbnail":false,"ollis-portfolio":false,"ollis-blog-300":false,"ollis-blog-featured":false,"ollis-blog-tiny":false,"ollis-blog":false,"ollis-wc-featured":false,"ollis-client":false,"ollis-blog-full":false,"ollis-wc-cat":false,"ollis-partners":false,"ollis-tiny-square":false,"ollis-tiny":false,"ollis-gallery-grid":false,"ollis-gallery-big":false,"ollis-gallery":false,"ollis-team":false},"uagb_author_info":{"display_name":"STR DENT","author_link":"#"},"uagb_comment_info":0,"uagb_excerpt":null,"_links":{"self":[{"href":"https:\/\/strdent.com\/en\/wp-json\/wp\/v2\/pages\/13140","targetHints":{"allow":["GET"]}}],"collection":[{"href":"https:\/\/strdent.com\/en\/wp-json\/wp\/v2\/pages"}],"about":[{"href":"https:\/\/strdent.com\/en\/wp-json\/wp\/v2\/types\/page"}],"author":[{"embeddable":true,"href":"https:\/\/strdent.com\/en\/wp-json\/wp\/v2\/users\/1"}],"replies":[{"embeddable":true,"href":"https:\/\/strdent.com\/en\/wp-json\/wp\/v2\/comments?post=13140"}],"version-history":[{"count":1,"href":"https:\/\/strdent.com\/en\/wp-json\/wp\/v2\/pages\/13140\/revisions"}],"predecessor-version":[{"id":69180,"href":"https:\/\/strdent.com\/en\/wp-json\/wp\/v2\/pages\/13140\/revisions\/69180"}],"wp:attachment":[{"href":"https:\/\/strdent.com\/en\/wp-json\/wp\/v2\/media?parent=13140"}],"curies":[{"name":"wp","href":"https:\/\/api.w.org\/{rel}","templated":true}]}}