{"id":13132,"date":"2025-10-15T06:33:06","date_gmt":"2025-10-15T06:33:06","guid":{"rendered":"https:\/\/demo2.softasist.com\/?page_id=13132"},"modified":"2025-11-10T07:18:31","modified_gmt":"2025-11-10T07:18:31","slug":"perez-policy","status":"publish","type":"page","link":"https:\/\/strdent.com\/en\/perez-policy\/","title":{"rendered":"Cookie Policy"},"content":{"rendered":"<h5 class=\"wp-block-heading\">Cookie Policy<br><\/h5>\n\n\n\n<p>We, as Dent STR cares about your safety, and for our dear visitors with this Cookie Policy at our website which Cookies we use and for what purpose it briefly, we will inform you about how to change your cookie settings.<\/p>\n\n\n\n<p>In order to give you a better service, by means of cookies, How was briefly informed about what kind of personal data collected and processed for any purpose, please read this Cookie Policy. See our Privacy Policy for more information you can contact with us without hesitation.<\/p>\n\n\n\n<h5 class=\"wp-block-heading\">What Is A Cookie?<br><\/h5>\n\n\n\n<p>Web sites for users to more efficiently use cookies, a small dosyacik are stored on their devices. Due to the processing of users ' information through Cookies, according to the Law No. 6698 on protection of personal data, users will be informed of and consent must be taken.<\/p>\n\n\n\n<p>We also have you, dear visitors, our dear visitors and for you to benefit from our website in the most efficient way of ensuring that the user experience can be developed for and on behalf of, various we use cookies.<\/p>\n\n\n\n<h5 class=\"wp-block-heading\">Mandatory Cookies<br><\/h5>\n\n\n\n<p>Mandatory cookies of the web site by enabling basic functions of the web site that are available, allowing you to make cookies. Without cookies this website do not function.<\/p>\n\n\n\n<h5 class=\"wp-block-heading\">Performance Cookies<br><\/h5>\n\n\n\n<p>Performance cookies anonymously collect and preferences of visitors of this web site and information regarding use of the website that allows you to improve performance cookies.<\/p>\n\n\n\n<h5 class=\"wp-block-heading\">Functional Cookies<br><\/h5>\n\n\n\n<p>Past users of the web site use functional cookies recognized and remembered for future visits on the basis of users of this web site and enables the language, region, etc. as such, are cookies that allow it to deliver a personalized service.<\/p>\n\n\n\n<h5 class=\"wp-block-heading\">Advertising Cookies<br><\/h5>\n\n\n\n<p>Advertising Cookies third-party cookies are used to track the behavior of visitors to the website and the service. The purpose of the needs of the visitors towards these cookies will attract their interest and responsibility to the owner of the cookie is to help show ads that are owned by third parties.<\/p>\n\n\n\n<h5 class=\"wp-block-heading\">What Are Cookies Processed With The Personal Data?<br><\/h5>\n\n\n\n<p>Identity (name, surname, date of birth, etc.) and communication (address, e-mail address, phone, IP, location, etc.) information by us, by means of cookies, automatic or non-automatic methods, and sometimes analytic providers, ad networks, search information providers, technology providers, such as from third parties obtained, recorded, stored, and updated within the framework of contractual relations between you and US and the service and for the duration of the processing based on the legitimate interest of the requirements will be handled.<\/p>\n\n\n\n<h5 class=\"wp-block-heading\">For What Purposes Cookies Are Used?<br><\/h5>\n\n\n\n<p>On our website, through the identification of questionable actions to ensure safety, in line with the preferences of users and to increase functionality and performance, facilitate easy access to these services with the development and personalization of products and services, for the purposes of the fulfillment of contractual and legal responsibilities uses cookies. Also, in order to bring together a wider range of users sharing information with third parties service providers, advertising Cookies and is also in question.<\/p>\n\n\n\n<h5 class=\"wp-block-heading\">Cookies, How Is That Managed?<br><\/h5>\n\n\n\n<p>After all these explanations, which to the use of cookies is subject to their free will is left completely to our users. Your Cookies preferences, or by deleting your browser's settings, blocking can manage the moment you step on our website or in the future, you can change these settings at any time. For more detailed information, you can browse with our privacy policy, or our bilgi@strdent.com e-mail address you can contact them via.<\/p>","protected":false},"excerpt":{"rendered":"<p>\u00c7erez Politikas\u0131 Biz, STR Dent olarak g\u00fcvenli\u011finize \u00f6nem veriyor ve bu \u00c7erez Politikas\u0131 ile siz sevgili ziyaret\u00e7ilerimizi, web sitemizde hangi \u00e7erezleri, hangi ama\u00e7la kulland\u0131\u011f\u0131m\u0131z ve \u00e7erez ayarlar\u0131n\u0131z\u0131 nas\u0131l de\u011fi\u015ftirece\u011finiz konular\u0131nda k\u0131saca bilgilendirmeyi hedefliyoruz. Sizlere daha iyi hizmet verebilmek ad\u0131na, \u00e7erezler vas\u0131tas\u0131yla, ne t\u00fcr ki\u015fisel verilerinizin hangi ama\u00e7la topland\u0131\u011f\u0131 ve nas\u0131l i\u015flendi\u011fi konular\u0131nda, k\u0131saca bilgi sahibi olmak i\u00e7in l\u00fctfen bu \u00c7erez Politikas\u0131n\u0131 okuyunuz. Daha fazla bilgi i\u00e7in Gizlilik Politikam\u0131za g\u00f6z atabilir ya da bizlerle \u00e7ekinmeden ileti\u015fime ge\u00e7ebilirsiniz. \u00c7erez Nedir? \u00c7erezler, kullan\u0131c\u0131lar\u0131n web sitelerini daha verimli bir \u015fekilde kullanabilmeleri ad\u0131na, cihazlar\u0131na kaydedilen k\u00fc\u00e7\u00fck dosyac\u0131klard\u0131r. \u00c7erezler vas\u0131tas\u0131yla kullan\u0131c\u0131lar\u0131n bilgilerinin i\u015fleniyor olmas\u0131 sebebiyle, 6698 [&hellip;]<\/p>","protected":false},"author":1,"featured_media":0,"parent":0,"menu_order":0,"comment_status":"closed","ping_status":"closed","template":"","meta":{"_uag_custom_page_level_css":"","footnotes":""},"class_list":["post-13132","page","type-page","status-publish","hentry"],"uagb_featured_image_src":{"full":false,"thumbnail":false,"medium":false,"medium_large":false,"large":false,"1536x1536":false,"2048x2048":false,"trp-custom-language-flag":false,"post-thumbnail":false,"ollis-portfolio":false,"ollis-blog-300":false,"ollis-blog-featured":false,"ollis-blog-tiny":false,"ollis-blog":false,"ollis-wc-featured":false,"ollis-client":false,"ollis-blog-full":false,"ollis-wc-cat":false,"ollis-partners":false,"ollis-tiny-square":false,"ollis-tiny":false,"ollis-gallery-grid":false,"ollis-gallery-big":false,"ollis-gallery":false,"ollis-team":false},"uagb_author_info":{"display_name":"STR DENT","author_link":"#"},"uagb_comment_info":0,"uagb_excerpt":"\u00c7erez Politikas\u0131 Biz, STR Dent olarak g\u00fcvenli\u011finize \u00f6nem veriyor ve bu \u00c7erez Politikas\u0131 ile siz sevgili ziyaret\u00e7ilerimizi, web sitemizde hangi \u00e7erezleri, hangi ama\u00e7la kulland\u0131\u011f\u0131m\u0131z ve \u00e7erez ayarlar\u0131n\u0131z\u0131 nas\u0131l de\u011fi\u015ftirece\u011finiz konular\u0131nda k\u0131saca bilgilendirmeyi hedefliyoruz. Sizlere daha iyi hizmet verebilmek ad\u0131na, \u00e7erezler vas\u0131tas\u0131yla, ne t\u00fcr ki\u015fisel verilerinizin hangi ama\u00e7la topland\u0131\u011f\u0131 ve nas\u0131l i\u015flendi\u011fi konular\u0131nda, k\u0131saca bilgi sahibi&hellip;","_links":{"self":[{"href":"https:\/\/strdent.com\/en\/wp-json\/wp\/v2\/pages\/13132","targetHints":{"allow":["GET"]}}],"collection":[{"href":"https:\/\/strdent.com\/en\/wp-json\/wp\/v2\/pages"}],"about":[{"href":"https:\/\/strdent.com\/en\/wp-json\/wp\/v2\/types\/page"}],"author":[{"embeddable":true,"href":"https:\/\/strdent.com\/en\/wp-json\/wp\/v2\/users\/1"}],"replies":[{"embeddable":true,"href":"https:\/\/strdent.com\/en\/wp-json\/wp\/v2\/comments?post=13132"}],"version-history":[{"count":0,"href":"https:\/\/strdent.com\/en\/wp-json\/wp\/v2\/pages\/13132\/revisions"}],"wp:attachment":[{"href":"https:\/\/strdent.com\/en\/wp-json\/wp\/v2\/media?parent=13132"}],"curies":[{"name":"wp","href":"https:\/\/api.w.org\/{rel}","templated":true}]}}