{"id":13130,"date":"2025-10-15T06:29:11","date_gmt":"2025-10-15T06:29:11","guid":{"rendered":"https:\/\/demo2.softasist.com\/?page_id=13130"},"modified":"2025-11-10T07:18:26","modified_gmt":"2025-11-10T07:18:26","slug":"open-consent-text","status":"publish","type":"page","link":"https:\/\/strdent.com\/en\/open-consent-text\/","title":{"rendered":"Explicit Consent Text"},"content":{"rendered":"<h5 class=\"wp-block-heading\">Explicit Consent Text<br><\/h5>\n\n\n\n<p>In accordance with the Personal Data Protection Law No. 6698, STR may send SMS messages and make calls to my phone for the purposes of Executing Processes Related to Company\/Product\/Service Loyalty, Executing Activities Aimed at Customer Satisfaction, and Executing Promotion Processes for Advertising\/Campaign\/ Promotion Processes, STR DENT HOSPITALS HEALTH SERVICES INC. INFORMATION NOTICE TO SMS AND CALL SUBSCRIBERS PURSUANT TO LAW NO. 6698 ON THE PROTECTION OF PERSONAL DATA I hereby acknowledge and declare that I have read, reviewed, evaluated, and understood the above information and that I give my explicit consent for STR to process my personal data as mentioned in the above information within the scope of the KVKK and Law No. 6698, and that I may withdraw this consent at any time.<\/p>","protected":false},"excerpt":{"rendered":"<p>A\u00e7\u0131k R\u0131za Metni 6698 say\u0131l\u0131 Ki\u015fisel Verilerin Korunmas\u0131 Kanunu uyar\u0131nca, STR taraf\u0131ndan telefonuma, Firma\/\u00dcr\u00fcn\/Hizmetlere Ba\u011fl\u0131l\u0131k S\u00fcre\u00e7lerinin Y\u00fcr\u00fct\u00fclmesi, M\u00fc\u015fteri Memnuniyetine Y\u00f6nelik Aktivitelerin Y\u00fcr\u00fct\u00fclmesi, Reklam \/ Kampanya \/ Promosyon S\u00fcre\u00e7lerinin Y\u00fcr\u00fct\u00fclmesi ama\u00e7lar\u0131yla sms g\u00f6nderilmesine arama yap\u0131lmas\u0131na ili\u015fkin STR DENT HASTAHANELER\u0130 SA\u011eLIK H\u0130ZMETLER\u0130 ANON\u0130M \u015e\u0130RKET\u0130 SMS ve ARAMA ABONELER\u0130NE Y\u00d6NEL\u0130K 6698 SAYILI K\u0130\u015e\u0130SEL VER\u0130LER\u0130N KORUNMASI KANUNU GERE\u011e\u0130NCE AYDINLATMA METN\u0130\u2019ni okudu\u011fumu, inceledi\u011fimi, de\u011ferlendirip anlad\u0131\u011f\u0131m\u0131 ve KVKK kapsam\u0131nda, yukar\u0131daki bilgilendirmeler \u00e7er\u00e7evesinde bahsi ge\u00e7en ki\u015fisel verilerimin STR taraf\u0131ndan i\u015flenmesine 6698 say\u0131l\u0131 Kanun kapsam\u0131nda a\u00e7\u0131k r\u0131za g\u00f6sterdi\u011fimi ve bu r\u0131zam\u0131 diledi\u011fim zaman geri alabilece\u011fimi kabul ve beyan ederim.<\/p>","protected":false},"author":1,"featured_media":0,"parent":0,"menu_order":0,"comment_status":"closed","ping_status":"closed","template":"","meta":{"_uag_custom_page_level_css":"","footnotes":""},"class_list":["post-13130","page","type-page","status-publish","hentry"],"uagb_featured_image_src":{"full":false,"thumbnail":false,"medium":false,"medium_large":false,"large":false,"1536x1536":false,"2048x2048":false,"trp-custom-language-flag":false,"post-thumbnail":false,"ollis-portfolio":false,"ollis-blog-300":false,"ollis-blog-featured":false,"ollis-blog-tiny":false,"ollis-blog":false,"ollis-wc-featured":false,"ollis-client":false,"ollis-blog-full":false,"ollis-wc-cat":false,"ollis-partners":false,"ollis-tiny-square":false,"ollis-tiny":false,"ollis-gallery-grid":false,"ollis-gallery-big":false,"ollis-gallery":false,"ollis-team":false},"uagb_author_info":{"display_name":"STR DENT","author_link":"#"},"uagb_comment_info":0,"uagb_excerpt":"A\u00e7\u0131k R\u0131za Metni 6698 say\u0131l\u0131 Ki\u015fisel Verilerin Korunmas\u0131 Kanunu uyar\u0131nca, STR taraf\u0131ndan telefonuma, Firma\/\u00dcr\u00fcn\/Hizmetlere Ba\u011fl\u0131l\u0131k S\u00fcre\u00e7lerinin Y\u00fcr\u00fct\u00fclmesi, M\u00fc\u015fteri Memnuniyetine Y\u00f6nelik Aktivitelerin Y\u00fcr\u00fct\u00fclmesi, Reklam \/ Kampanya \/ Promosyon S\u00fcre\u00e7lerinin Y\u00fcr\u00fct\u00fclmesi ama\u00e7lar\u0131yla sms g\u00f6nderilmesine arama yap\u0131lmas\u0131na ili\u015fkin STR DENT HASTAHANELER\u0130 SA\u011eLIK H\u0130ZMETLER\u0130 ANON\u0130M \u015e\u0130RKET\u0130 SMS ve ARAMA ABONELER\u0130NE Y\u00d6NEL\u0130K 6698 SAYILI K\u0130\u015e\u0130SEL VER\u0130LER\u0130N KORUNMASI KANUNU GERE\u011e\u0130NCE AYDINLATMA&hellip;","_links":{"self":[{"href":"https:\/\/strdent.com\/en\/wp-json\/wp\/v2\/pages\/13130","targetHints":{"allow":["GET"]}}],"collection":[{"href":"https:\/\/strdent.com\/en\/wp-json\/wp\/v2\/pages"}],"about":[{"href":"https:\/\/strdent.com\/en\/wp-json\/wp\/v2\/types\/page"}],"author":[{"embeddable":true,"href":"https:\/\/strdent.com\/en\/wp-json\/wp\/v2\/users\/1"}],"replies":[{"embeddable":true,"href":"https:\/\/strdent.com\/en\/wp-json\/wp\/v2\/comments?post=13130"}],"version-history":[{"count":0,"href":"https:\/\/strdent.com\/en\/wp-json\/wp\/v2\/pages\/13130\/revisions"}],"wp:attachment":[{"href":"https:\/\/strdent.com\/en\/wp-json\/wp\/v2\/media?parent=13130"}],"curies":[{"name":"wp","href":"https:\/\/api.w.org\/{rel}","templated":true}]}}