{"id":13124,"date":"2025-10-15T06:25:44","date_gmt":"2025-10-15T06:25:44","guid":{"rendered":"https:\/\/demo2.softasist.com\/?page_id=13124"},"modified":"2025-11-10T07:18:59","modified_gmt":"2025-11-10T07:18:59","slug":"kvkk-clarification-text","status":"publish","type":"page","link":"https:\/\/strdent.com\/en\/kvkk-clarification-text\/","title":{"rendered":"Protection of Personal Data"},"content":{"rendered":"<p><strong>DENT protection of personal data No. 6698 STR incorporated health services to send SMS to LIGHTING for communicating TEXT, in accordance with the law<\/strong><\/p>\n\n\n\n<h5 class=\"wp-block-heading\"><strong>The ID Of The Principal Of The Data<\/strong><\/h5>\n\n\n\n<p>07.04.2016 No. 6698 in the history of \u201claw on protection of personal data\u201d (hereinafter the \u201claw\u201d will be referred to as.) entered into force after publication.<\/p>\n\n\n\n<p>&nbsp;Under the law in question&nbsp;<strong>STR DENT HEALTH SERVICES JOINT STOCK COMPANY&nbsp;<\/strong>(Hereinafter \u201cthe company\u201d as referred to.) \u201cData Manager\u201d and has the title of the alignment necessary to fulfill the obligations required by this title can provide. This information for the company to fulfill the obligation under the law to send SMS to communicate and lighting are made.<\/p>\n\n\n\n<p>This lighting is required by the company in cases where the text will be updated and the updated version will be released.<\/p>\n\n\n\n<h5 class=\"wp-block-heading\"><strong>Personal Data Processed For Any Purpose<\/strong><\/h5>\n\n\n\n<p>5 of the law your personal data. and 6. the processing of personal data specified in the articles of conditions and the objectives within the framework of the data in accordance with kvkk will be appointed in the following cases responsible for, or legal\/can be committed by natural persons;<\/p>\n\n\n\n<ul class=\"wp-block-list\">\n<li>Company \/ Product \/ Service, Commitment, Execution Of The Operation,<\/li>\n\n\n\n<li>Execution Of Communication Activities.<\/li>\n\n\n\n<li>The Execution Of The Activities On Customer Satisfaction,<\/li>\n\n\n\n<li>Ad \/ Campaign \/ Promotion Process Execution.<\/li>\n\n\n\n<li>For the purpose of the fulfillment of legal obligations stated in kvkk.<\/li>\n<\/ul>\n\n\n\n<ol class=\"wp-block-list\">\n<li><strong>Your Personal Data Is Processed<\/strong><\/li>\n<\/ol>\n\n\n\n<p>The personal data collected for the purposes mentioned above, the first and last name and phone data.<\/p>\n\n\n\n<p>Mandatory required by the provisions of the law be kept up to date and accurate information and the actual persons is essential. Therefore, the information subscribers if there is any change to such information should contact the company. The company cannot be held responsible for incorrect information offered under any circumstances.&nbsp;<strong>&nbsp;<\/strong><\/p>\n\n\n\n<h5 class=\"wp-block-heading\"><strong>To whom and for what purpose the processed personal data can be transferred<\/strong><\/h5>\n\n\n\n<p>Responsible for your personal data processed data legal only because of legitimate interests are shared with the companies that prepare the infrastructure for an internet site.<\/p>\n\n\n\n<h5 class=\"wp-block-heading\"><strong>Method of data collection and legal reason<\/strong><\/h5>\n\n\n\n<p>KVKK company data, in accordance with KVKK and collect by automated means through the channels mentioned below in accordance with the law 5. and 6. The processing of personal data specified in the articles of conditions and the objectives within which it operates.<\/p>\n\n\n\n<p>Through our website, your personal data are collected by automated means through the form that you filled.<\/p>\n\n\n\n<p>Your personal data are stored and designated persons responsible for the safety of your data.<\/p>\n\n\n\n<p>The present lighting of your personal data that is collected by the company, subparagraph B of the text, located in the communication activities for the execution of a contract data processing for the purpose of execution of obligatory legal based on reason, for almost all other purposes&nbsp;<strong>explicit consent of the legal cause<\/strong>&nbsp;on the basis processed.<\/p>\n\n\n\n<h5 class=\"wp-block-heading\"><strong>Storage Period Of Personal Data<\/strong><\/h5>\n\n\n\n<p>Your personal data is your consent you don't receive your back, as long as for the above purposes will be stored. In case of your explicit consent or at your request your personal data by withdrawing your company upon the personal data protection law and related regulations within the scope of the methods to be deleted, destroyed and\/or will be made anonymous. Your consent to the processing of personal data must be processed lawfully, except for data that you can get back each time<\/p>\n\n\n\n<h5 class=\"wp-block-heading\"><strong>The Data Owner Rights<\/strong><\/h5>\n\n\n\n<p>Of the law \u201cgoverning the rights of the person concerned\u201d 11. within the scope of your claims to the article, \u201cData Manager application to the communiqu\u00e9 on procedures and principles\u201d according\u00a0<a href=\"mailto:bilgi@strdent.com\">bilgi@strdent.com<\/a>\u00a0you can send to our e-mail address.<\/p>","protected":false},"excerpt":{"rendered":"<p>STR DENT SA\u011eLIK H\u0130ZMETLER\u0130 ANON\u0130M \u015e\u0130RKET\u0130 SMS ATMA ve \u0130LET\u0130\u015e\u0130M KURMAYA Y\u00d6NEL\u0130K 6698 SAYILI K\u0130\u015e\u0130SEL VER\u0130LER\u0130N KORUNMASI KANUNU GERE\u011e\u0130NCE AYDINLATMA METN\u0130 Veri Sorumlusunun Kimli\u011fi 07.04.2016 tarihinde 6698 say\u0131l\u0131 \u201cKi\u015fisel Verilerin Korunmas\u0131 Kanunu\u201d (Bundan b\u00f6yle k\u0131saca \u201cKanun\u201d olarak an\u0131lacakt\u0131r.) yay\u0131nlanarak y\u00fcr\u00fcrl\u00fc\u011fe girmi\u015ftir. &nbsp;S\u00f6z konusu kanun kapsam\u0131nda&nbsp;STR DENT SA\u011eLIK H\u0130ZMETLER\u0130 ANON\u0130M \u015e\u0130RKET\u0130&nbsp;(Bundan b\u00f6yle k\u0131saca \u201c\u015e\u0130RKET\u201d olarak an\u0131lacakt\u0131r.) \u201cVeri Sorumlusu\u201d s\u0131fat\u0131na sahip olup, bu s\u0131fat\u0131n gerektirdi\u011fi y\u00fck\u00fcml\u00fcl\u00fckleri yerine getirmek i\u00e7in gerekli uyum \u00e7al\u0131\u015fmalar\u0131n\u0131 ger\u00e7ekle\u015ftirmektedir. \u0130\u015fbu bilgilendirme, \u015e\u0130RKET\u2019in sms atma ve ileti\u015fim kurmaya y\u00f6nelik Kanun kapsam\u0131nda ayd\u0131nlatma y\u00fck\u00fcml\u00fcl\u00fc\u011f\u00fcn\u00fc yerine getirmek \u00fczere yap\u0131lmaktad\u0131r. \u0130\u015fbu Ayd\u0131nlatma Metni gerekli oldu\u011fu durumlarda \u015e\u0130RKET taraf\u0131ndan g\u00fcncellenecek ve g\u00fcncel hali [&hellip;]<\/p>","protected":false},"author":1,"featured_media":0,"parent":0,"menu_order":0,"comment_status":"closed","ping_status":"closed","template":"","meta":{"_uag_custom_page_level_css":"","footnotes":""},"class_list":["post-13124","page","type-page","status-publish","hentry"],"uagb_featured_image_src":{"full":false,"thumbnail":false,"medium":false,"medium_large":false,"large":false,"1536x1536":false,"2048x2048":false,"trp-custom-language-flag":false,"post-thumbnail":false,"ollis-portfolio":false,"ollis-blog-300":false,"ollis-blog-featured":false,"ollis-blog-tiny":false,"ollis-blog":false,"ollis-wc-featured":false,"ollis-client":false,"ollis-blog-full":false,"ollis-wc-cat":false,"ollis-partners":false,"ollis-tiny-square":false,"ollis-tiny":false,"ollis-gallery-grid":false,"ollis-gallery-big":false,"ollis-gallery":false,"ollis-team":false},"uagb_author_info":{"display_name":"STR DENT","author_link":"#"},"uagb_comment_info":0,"uagb_excerpt":"STR DENT SA\u011eLIK H\u0130ZMETLER\u0130 ANON\u0130M \u015e\u0130RKET\u0130 SMS ATMA ve \u0130LET\u0130\u015e\u0130M KURMAYA Y\u00d6NEL\u0130K 6698 SAYILI K\u0130\u015e\u0130SEL VER\u0130LER\u0130N KORUNMASI KANUNU GERE\u011e\u0130NCE AYDINLATMA METN\u0130 Veri Sorumlusunun Kimli\u011fi 07.04.2016 tarihinde 6698 say\u0131l\u0131 \u201cKi\u015fisel Verilerin Korunmas\u0131 Kanunu\u201d (Bundan b\u00f6yle k\u0131saca \u201cKanun\u201d olarak an\u0131lacakt\u0131r.) yay\u0131nlanarak y\u00fcr\u00fcrl\u00fc\u011fe girmi\u015ftir. &nbsp;S\u00f6z konusu kanun kapsam\u0131nda&nbsp;STR DENT SA\u011eLIK H\u0130ZMETLER\u0130 ANON\u0130M \u015e\u0130RKET\u0130&nbsp;(Bundan b\u00f6yle k\u0131saca \u201c\u015e\u0130RKET\u201d olarak an\u0131lacakt\u0131r.)&hellip;","_links":{"self":[{"href":"https:\/\/strdent.com\/en\/wp-json\/wp\/v2\/pages\/13124","targetHints":{"allow":["GET"]}}],"collection":[{"href":"https:\/\/strdent.com\/en\/wp-json\/wp\/v2\/pages"}],"about":[{"href":"https:\/\/strdent.com\/en\/wp-json\/wp\/v2\/types\/page"}],"author":[{"embeddable":true,"href":"https:\/\/strdent.com\/en\/wp-json\/wp\/v2\/users\/1"}],"replies":[{"embeddable":true,"href":"https:\/\/strdent.com\/en\/wp-json\/wp\/v2\/comments?post=13124"}],"version-history":[{"count":0,"href":"https:\/\/strdent.com\/en\/wp-json\/wp\/v2\/pages\/13124\/revisions"}],"wp:attachment":[{"href":"https:\/\/strdent.com\/en\/wp-json\/wp\/v2\/media?parent=13124"}],"curies":[{"name":"wp","href":"https:\/\/api.w.org\/{rel}","templated":true}]}}